{"id":883,"date":"2023-08-06T08:54:32","date_gmt":"2023-08-06T07:54:32","guid":{"rendered":"https:\/\/nuriamayola.com\/?post_type=product&#038;p=883"},"modified":"2023-11-06T11:53:46","modified_gmt":"2023-11-06T10:53:46","slug":"aprendiendo-a-fijar-el-aprendizaje","status":"publish","type":"product","link":"https:\/\/nuriamayola.com\/es\/producto\/aprendiendo-a-fijar-el-aprendizaje\/","title":{"rendered":"Aprendiendo a fijar el aprendizaje"},"content":{"rendered":"<p>[et_pb_section fb_built=\u00bb1&#8243; _builder_version=\u00bb4.16&#8243; custom_padding=\u00bb0px||||false|false\u00bb global_colors_info=\u00bb{}\u00bb][et_pb_row _builder_version=\u00bb4.16&#8243; background_size=\u00bbinitial\u00bb background_position=\u00bbtop_left\u00bb background_repeat=\u00bbrepeat\u00bb width=\u00bb100%\u00bb custom_padding=\u00bb0px||0px||false|false\u00bb global_colors_info=\u00bb{}\u00bb][et_pb_column type=\u00bb4_4&#8243; _builder_version=\u00bb4.16&#8243; custom_padding=\u00bb|||\u00bb global_colors_info=\u00bb{}\u00bb custom_padding__hover=\u00bb|||\u00bb][et_pb_wc_breadcrumb _builder_version=\u00bb4.16&#8243; global_colors_info=\u00bb{}\u00bb][\/et_pb_wc_breadcrumb][et_pb_wc_cart_notice _builder_version=\u00bb4.16&#8243; global_colors_info=\u00bb{}\u00bb][\/et_pb_wc_cart_notice][\/et_pb_column][\/et_pb_row][et_pb_row column_structure=\u00bb1_2,1_2&#8243; _builder_version=\u00bb4.16&#8243; background_size=\u00bbinitial\u00bb background_position=\u00bbtop_left\u00bb background_repeat=\u00bbrepeat\u00bb width=\u00bb100%\u00bb custom_padding=\u00bb0px||||false|false\u00bb global_colors_info=\u00bb{}\u00bb][et_pb_column type=\u00bb1_2&#8243; _builder_version=\u00bb4.16&#8243; custom_padding=\u00bb|||\u00bb global_colors_info=\u00bb{}\u00bb custom_padding__hover=\u00bb|||\u00bb][et_pb_wc_images _builder_version=\u00bb4.16&#8243; global_colors_info=\u00bb{}\u00bb][\/et_pb_wc_images][\/et_pb_column][et_pb_column type=\u00bb1_2&#8243; _builder_version=\u00bb4.16&#8243; custom_padding=\u00bb|||\u00bb global_colors_info=\u00bb{}\u00bb custom_padding__hover=\u00bb|||\u00bb][et_pb_wc_title _builder_version=\u00bb4.16&#8243; global_colors_info=\u00bb{}\u00bb][\/et_pb_wc_title][et_pb_wc_rating _builder_version=\u00bb4.16&#8243; global_colors_info=\u00bb{}\u00bb][\/et_pb_wc_rating][et_pb_wc_price _builder_version=\u00bb4.21.0&#8243; global_colors_info=\u00bb{}\u00bb][\/et_pb_wc_price][et_pb_wc_description _builder_version=\u00bb4.21.0&#8243; global_colors_info=\u00bb{}\u00bb][\/et_pb_wc_description][et_pb_wc_add_to_cart _builder_version=\u00bb4.21.0&#8243; global_colors_info=\u00bb{}\u00bb][\/et_pb_wc_add_to_cart][et_pb_wc_meta _builder_version=\u00bb4.16&#8243; global_colors_info=\u00bb{}\u00bb][\/et_pb_wc_meta][\/et_pb_column][\/et_pb_row][et_pb_row _builder_version=\u00bb4.16&#8243; background_size=\u00bbinitial\u00bb background_position=\u00bbtop_left\u00bb background_repeat=\u00bbrepeat\u00bb width=\u00bb100%\u00bb global_colors_info=\u00bb{}\u00bb][et_pb_column type=\u00bb4_4&#8243; _builder_version=\u00bb4.16&#8243; custom_padding=\u00bb|||\u00bb global_colors_info=\u00bb{}\u00bb custom_padding__hover=\u00bb|||\u00bb][et_pb_wc_tabs _builder_version=\u00bb4.16&#8243; global_colors_info=\u00bb{}\u00bb]\t\t\t\t\t[\/et_pb_wc_tabs][et_pb_wc_upsells _builder_version=\u00bb4.16&#8243; global_colors_info=\u00bb{}\u00bb][\/et_pb_wc_upsells][et_pb_wc_related_products _builder_version=\u00bb4.16&#8243; global_colors_info=\u00bb{}\u00bb][\/et_pb_wc_related_products][\/et_pb_column][\/et_pb_row][\/et_pb_section]<\/p>\n","protected":false},"excerpt":{"rendered":"<p>Conocer y aprender diversas y diferentes estrategias de estudio nos puede facilitar en gran medida la fijaci\u00f3n de nuestro aprendizaje, pudiendo de esta forma, obtener \u00f3ptimos resultados.<\/p>\n","protected":false},"featured_media":1044,"comment_status":"closed","ping_status":"closed","template":"","meta":{"_et_pb_use_builder":"on","_et_pb_old_content":"<strong>\u00bfPOR QU\u00c9 ES NECESARIO ESTUDIAR?<\/strong>\r\n\r\nEs necesario estudiar para adquirir conocimientos que, aunque a veces no nos lo parezca, son necesarios para nuestro desarrollo cognitivo. Estudiar no es f\u00e1cil y puede resultarnos aburrido o dif\u00edcil, pero si aprendemos diversas estrategias que nos facilitan el estudio podremos, sobre todo, y lo m\u00e1s importante: APRENDER y, en consecuencia, tendremos muchas m\u00e1s posibilidades de triunfar en nuestros resultados acad\u00e9micos. Este dossier de t\u00e9cnicas de estudio se ha dividido en cinco partes bien diferenciadas. Para aprender a estudiar adecuadamente es necesario entender todas y cada una de estas partes.\r\n\r\n<strong>1\u00aa PARTE. CONDICIONES PERSONALES F\u00cdSICAS, PS\u00cdQUICAS Y AMBIENTALES<\/strong>\r\n\r\n<strong>2\u00aa PARTE. PROCESOS Y FUNCIONES COGNITIVAS NEUROPSICOL\u00d3GICAS<\/strong>\r\n\r\n<strong>3\u00aa PARTE. ESTRATEGIAS B\u00c1SICAS PARA EL ESTUDIO<\/strong>\r\n\r\n<strong>4\u00aa PARTE. T\u00c9CNICAS FACILITADORAS PARA EL ESTUDIO<\/strong>\r\n\r\n<strong>5\u00aa PARTE. \u00c1MBITO DEL INTELECTO<\/strong>","_et_gb_content_width":""},"product_cat":[31],"product_tag":[],"class_list":["post-883","product","type-product","status-publish","has-post-thumbnail","hentry","product_cat-aprendizaje"],"_links":{"self":[{"href":"https:\/\/nuriamayola.com\/es\/wp-json\/wp\/v2\/product\/883","targetHints":{"allow":["GET"]}}],"collection":[{"href":"https:\/\/nuriamayola.com\/es\/wp-json\/wp\/v2\/product"}],"about":[{"href":"https:\/\/nuriamayola.com\/es\/wp-json\/wp\/v2\/types\/product"}],"replies":[{"embeddable":true,"href":"https:\/\/nuriamayola.com\/es\/wp-json\/wp\/v2\/comments?post=883"}],"wp:featuredmedia":[{"embeddable":true,"href":"https:\/\/nuriamayola.com\/es\/wp-json\/wp\/v2\/media\/1044"}],"wp:attachment":[{"href":"https:\/\/nuriamayola.com\/es\/wp-json\/wp\/v2\/media?parent=883"}],"wp:term":[{"taxonomy":"product_cat","embeddable":true,"href":"https:\/\/nuriamayola.com\/es\/wp-json\/wp\/v2\/product_cat?post=883"},{"taxonomy":"product_tag","embeddable":true,"href":"https:\/\/nuriamayola.com\/es\/wp-json\/wp\/v2\/product_tag?post=883"}],"curies":[{"name":"wp","href":"https:\/\/api.w.org\/{rel}","templated":true}]}}