{"id":1254,"date":"2021-10-13T15:35:04","date_gmt":"2021-10-13T14:35:04","guid":{"rendered":"https:\/\/nuriamayola.com\/tratamientos-vocales\/"},"modified":"2023-11-09T19:42:22","modified_gmt":"2023-11-09T18:42:22","slug":"tratamientos-vocales","status":"publish","type":"page","link":"https:\/\/nuriamayola.com\/es\/tratamientos-vocales\/","title":{"rendered":"Tratamientos vocales"},"content":{"rendered":"<p>[et_pb_section fb_built=\u00bb1&#8243; fullwidth=\u00bbon\u00bb admin_label=\u00bbHero\u00bb _builder_version=\u00bb4.16&#8243; background_image=\u00bbhttps:\/\/nuriamayola.digitales.site\/wp-content\/uploads\/2021\/10\/hdgdgh.jpg\u00bb parallax=\u00bbon\u00bb top_divider_style=\u00bbclouds2&#8243; top_divider_color=\u00bbrgba(255,255,255,0.3)\u00bb top_divider_height=\u00bb100%\u00bb bottom_divider_height=\u00bb30px\u00bb locked=\u00bboff\u00bb global_colors_info=\u00bb{}\u00bb][et_pb_fullwidth_header subhead=\u00bbtratamiento vocal\u00bb text_orientation=\u00bbcenter\u00bb _builder_version=\u00bb4.21.0&#8243; title_level=\u00bbh2&#8243; title_font=\u00bbRubik|700||on|||||\u00bb title_text_color=\u00bb#ff7355&#8243; title_font_size=\u00bb16px\u00bb title_letter_spacing=\u00bb5px\u00bb title_line_height=\u00bb2em\u00bb content_font=\u00bbRubik||||||||\u00bb content_font_size=\u00bb20px\u00bb content_line_height=\u00bb2em\u00bb subhead_font=\u00bbRubik|700|||||||\u00bb subhead_text_color=\u00bb#e62850&#8243; subhead_font_size=\u00bb50px\u00bb subhead_line_height=\u00bb2.1em\u00bb background_color=\u00bbrgba(255,255,255,0)\u00bb use_background_color_gradient=\u00bbon\u00bb background_color_gradient_stops=\u00bbrgba(255,255,255,0.7) 0%|#ffffff 100%\u00bb background_color_gradient_start=\u00bbrgba(255,255,255,0.7)\u00bb background_color_gradient_end=\u00bb#ffffff\u00bb background_size=\u00bbcontain\u00bb background_position=\u00bbbottom_center\u00bb custom_button_one=\u00bbon\u00bb button_one_text_size=\u00bb16px\u00bb button_one_text_color=\u00bb#ffffff\u00bb button_one_bg_color=\u00bb#ff7355&#8243; button_one_border_width=\u00bb15px\u00bb button_one_border_color=\u00bbrgba(210,159,104,0)\u00bb button_one_border_radius=\u00bb100px\u00bb button_one_letter_spacing=\u00bb0px\u00bb button_one_font=\u00bbRubik|700|||||||\u00bb button_one_use_icon=\u00bboff\u00bb custom_button_two=\u00bbon\u00bb button_two_text_size=\u00bb16px\u00bb button_two_text_color=\u00bb#ffffff\u00bb button_two_bg_color=\u00bbrgba(0,0,0,0.6)\u00bb button_two_border_width=\u00bb15px\u00bb button_two_border_color=\u00bbrgba(210,159,104,0)\u00bb button_two_border_radius=\u00bb100px\u00bb button_two_letter_spacing=\u00bb0px\u00bb button_two_font=\u00bbRubik|700|||||||\u00bb button_two_use_icon=\u00bboff\u00bb background_layout=\u00bblight\u00bb custom_margin=\u00bb|||\u00bb custom_padding=\u00bb2vw||4vw|||\u00bb animation_style=\u00bbslide\u00bb animation_direction=\u00bbbottom\u00bb animation_intensity_slide=\u00bb1%\u00bb subhead_font_size_tablet=\u00bb\u00bb subhead_font_size_phone=\u00bb30px\u00bb subhead_font_size_last_edited=\u00bbon|phone\u00bb button_one_border_radius_hover=\u00bb100px\u00bb button_two_border_radius_hover=\u00bb100px\u00bb button_one_bg_color_hover=\u00bb#ff8a70&#8243; button_two_bg_color_hover=\u00bb#ff8a70&#8243; global_colors_info=\u00bb{}\u00bb button_one_text_size__hover_enabled=\u00bboff\u00bb button_two_text_size__hover_enabled=\u00bboff\u00bb button_one_text_color__hover_enabled=\u00bboff\u00bb button_two_text_color__hover_enabled=\u00bboff\u00bb button_one_border_width__hover_enabled=\u00bboff\u00bb button_two_border_width__hover_enabled=\u00bboff\u00bb button_one_border_color__hover_enabled=\u00bboff\u00bb button_two_border_color__hover_enabled=\u00bboff\u00bb button_one_border_radius__hover_enabled=\u00bbon\u00bb button_one_border_radius__hover=\u00bb100px\u00bb button_two_border_radius__hover_enabled=\u00bbon\u00bb button_two_border_radius__hover=\u00bb100px\u00bb button_one_letter_spacing__hover_enabled=\u00bboff\u00bb button_two_letter_spacing__hover_enabled=\u00bboff\u00bb button_one_bg_color__hover_enabled=\u00bbon\u00bb button_one_bg_color__hover=\u00bb#ff8a70&#8243; button_two_bg_color__hover_enabled=\u00bbon\u00bb button_two_bg_color__hover=\u00bb#ff8a70&#8243;]<\/p>\n<p class=\"s5\"><span style=\"color: #000000;\"><span class=\"s6\">La voz es el sonido que emite<\/span> <span class=\"s6\">en los seres<\/span> <span class=\"s6\">humanos<\/span> <span class=\"s6\">al<\/span> <span class=\"s6\">hablar, gritar<\/span> <span class=\"s6\">y<\/span> <span class=\"s6\">cantar<\/span> <span class=\"s6\">.<\/span><\/span><span class=\"s6\"><br \/><\/span><\/p>\n<p class=\"s5\"><span style=\"color: #e62850;\"><span style=\"color: #000000;\"><span class=\"s7\">La voz es<\/span> <span class=\"s7\">una capacidad diferencial humana que implica<\/span> <span class=\"s7\">en su totalidad<\/span><span class=\"s7\"> <\/span><span class=\"s7\">estructuras<\/span> <span class=\"s7\">f\u00edsicas<\/span> <span class=\"s7\">y<\/span> <span class=\"s7\">ps\u00edquicas<\/span> <span class=\"s7\">.<\/span> <span class=\"s7\">_<\/span><\/span> <\/span><\/p>\n<p><span style=\"color: #e62850;\"><span class=\"s8\">Debemos utilizar las t\u00e9cnicas vocales adecuadas para no da\u00f1ar nuestra voz, porque podemos aprender a tratarla correctamente<\/span> <span class=\"s8\">.<\/span><br \/><\/span><\/p>\n<p>[\/et_pb_fullwidth_header][\/et_pb_section][et_pb_section fb_built=\u00bb1&#8243; admin_label=\u00bbVideo\u00bb _builder_version=\u00bb4.21.0&#8243; background_color=\u00bb#f3e4cc\u00bb background_image=\u00bbhttps:\/\/nuriamayola.digitales.site\/wp-content\/uploads\/2021\/10\/shapes-bg-1.png\u00bb parallax=\u00bbon\u00bb global_colors_info=\u00bb{}\u00bb][et_pb_row column_structure=\u00bb1_2,1_2&#8243; _builder_version=\u00bb4.16&#8243; global_colors_info=\u00bb{}\u00bb][et_pb_column type=\u00bb1_2&#8243; _builder_version=\u00bb4.16&#8243; custom_padding=\u00bb|||\u00bb global_colors_info=\u00bb{}\u00bb custom_padding__hover=\u00bb|||\u00bb][et_pb_text _builder_version=\u00bb4.16&#8243; text_font=\u00bbRubik|500|||||||\u00bb text_font_size=\u00bb16px\u00bb text_line_height=\u00bb2em\u00bb quote_font=\u00bb||||||||\u00bb header_font=\u00bb||||||||\u00bb header_2_font=\u00bbRubik|700|||||||\u00bb header_2_font_size=\u00bb40px\u00bb header_2_line_height=\u00bb1.2em\u00bb header_5_font=\u00bbRubik|700||on|||||\u00bb header_5_letter_spacing=\u00bb5px\u00bb header_5_line_height=\u00bb1.2em\u00bb background_layout=\u00bbdark\u00bb max_width=\u00bb600px\u00bb max_width_tablet=\u00bb\u00bb max_width_phone=\u00bb\u00bb max_width_last_edited=\u00bbon|phone\u00bb custom_margin=\u00bb|||\u00bb custom_margin_tablet=\u00bb|70px||70px\u00bb custom_margin_phone=\u00bb|50px||50px\u00bb custom_margin_last_edited=\u00bboff|desktop\u00bb custom_padding=\u00bb|||\u00bb text_line_height_last_edited=\u00bboff|desktop\u00bb header_2_font_size_tablet=\u00bb\u00bb header_2_font_size_phone=\u00bb30px\u00bb header_2_font_size_last_edited=\u00bbon|phone\u00bb global_colors_info=\u00bb{}\u00bb]<\/p>\n<h2><span style=\"color: #e62850;\">  tratamiento para las disfon\u00edas funcionales:<\/span><\/h2>\n<p>[\/et_pb_text][et_pb_image src=\u00bbhttps:\/\/quizzical-solomon.151-236-35-77.plesk.page\/wp-content\/uploads\/2023\/07\/nuria-1.webp\u00bb title_text=\u00bbnuria\u00bb _builder_version=\u00bb4.21.0&#8243; _module_preset=\u00bbdefault\u00bb global_colors_info=\u00bb{}\u00bb][\/et_pb_image][\/et_pb_column][et_pb_column type=\u00bb1_2&#8243; _builder_version=\u00bb4.16&#8243; custom_padding=\u00bb|||\u00bb global_colors_info=\u00bb{}\u00bb custom_padding__hover=\u00bb|||\u00bb][et_pb_text _builder_version=\u00bb4.21.0&#8243; text_font=\u00bbRubik|500|||||||\u00bb text_font_size=\u00bb16px\u00bb text_line_height=\u00bb2em\u00bb quote_font=\u00bb||||||||\u00bb header_font=\u00bb||||||||\u00bb header_2_font=\u00bbRubik|700|||||||\u00bb header_2_font_size=\u00bb40px\u00bb header_2_line_height=\u00bb1.4em\u00bb header_5_font=\u00bbRubik|700||on|||||\u00bb header_5_letter_spacing=\u00bb5px\u00bb header_5_line_height=\u00bb1.2em\u00bb background_layout=\u00bbdark\u00bb max_width=\u00bb600px\u00bb max_width_tablet=\u00bb\u00bb max_width_phone=\u00bb\u00bb max_width_last_edited=\u00bbon|phone\u00bb custom_margin=\u00bb|||\u00bb custom_margin_tablet=\u00bb|70px||70px\u00bb custom_margin_phone=\u00bb|50px||50px\u00bb custom_margin_last_edited=\u00bboff|desktop\u00bb custom_padding=\u00bb|||\u00bb hover_enabled=\u00bb0&#8243; text_line_height_last_edited=\u00bboff|desktop\u00bb header_2_font_size_tablet=\u00bb\u00bb header_2_font_size_phone=\u00bb30px\u00bb header_2_font_size_last_edited=\u00bbon|phone\u00bb global_colors_info=\u00bb{}\u00bb text_text_color=\u00bb#000000&#8243; sticky_enabled=\u00bb0&#8243;]<\/p>\n<p><span style=\"text-decoration: underline;\"><span style=\"color: #0a0a0a; text-decoration: underline;\">EXPLORACI\u00d3N FUNCIONAL VOCAL Y DIAGN\u00d3STICO<\/span><\/span> <span style=\"color: #0a0a0a;\">:<\/span><\/p>\n<p><span style=\"text-decoration: underline;\"><span style=\"color: #0a0a0a; text-decoration: underline;\">An\u00e1lisis de los par\u00e1metros b\u00e1sicos de la voz<\/span><\/span> <span style=\"color: #0a0a0a;\">:<\/span><\/p>\n<ul>\n<li>\n<div class=\"s11\"><span style=\"color: #0a0a0a;\"><span class=\"s10\"> <\/span><span style=\"text-decoration: underline;\"><span class=\"s13\">Timbre<\/span><\/span> <span class=\"s8\">:<\/span><span class=\"s8\">  el timbre de la voz es el atributo que permite definir la fuente del sonido que puede ser t\u00f3nico o no t\u00f3nico. El timbre de la voz tiene unos par\u00e1metros b\u00e1sicos que deben tenerse muy en cuenta.<\/span><\/span><\/div>\n<\/li>\n<li>\n<div class=\"s11\"><span style=\"color: #0a0a0a;\"><span class=\"s8\"><\/span><\/span><span class=\"s10\" style=\"color: #0a0a0a;\"> <\/span><span style=\"text-decoration: underline;\"><span class=\"s13\" style=\"color: #0a0a0a; text-decoration: underline;\">Tono<\/span><\/span> <span class=\"s8\" style=\"color: #0a0a0a;\">:<\/span> <span class=\"s8\" style=\"color: #0a0a0a;\">(Tono fundamental y Tesitura de la voz).<\/span><\/div>\n<\/li>\n<li>\n<div class=\"s11\"><span style=\"color: #0a0a0a;\"><span class=\"s10\"><\/span><span style=\"text-decoration: underline;\"><span class=\"s13\">Duraci\u00f3n<\/span><\/span> <span class=\"s8\">:<\/span> <span class=\"s8\">(Coordinaci\u00f3n fono respiratoria)<\/span><\/span><\/div>\n<\/li>\n<li>\n<div class=\"s11\"><span style=\"color: #0a0a0a;\"><span style=\"text-decoration: underline;\"><span class=\"s13\">Intensidad<\/span><\/span> <span class=\"s8\">:<\/span> <span class=\"s8\">(Flujo\/Fuerte).<\/span><\/span><\/div>\n<\/li>\n<\/ul>\n<div class=\"s9\"><span style=\"text-decoration: underline;\"><span style=\"color: #0a0a0a; text-decoration: underline;\"><span class=\"s8\">Exploraci\u00f3n del Gesto Vocal<\/span><\/span><\/span> <span style=\"color: #0a0a0a;\"><span class=\"s8\">:<\/span><\/span><\/div>\n<div class=\"s9\">Control y coordinaci\u00f3n de las estructuras implicadas en la fonaci\u00f3n:<\/div>\n<ul>\n<li class=\"s9\">Respiraci\u00f3n.<\/li>\n<li class=\"s9\">Laringe.<\/li>\n<li class=\"s9\">Resonadores.<\/li>\n<\/ul>\n<div class=\"s9\"><span style=\"text-decoration: underline;\"><span style=\"color: #0a0a0a; text-decoration: underline;\"><span class=\"s8\">T\u00e9cnica del adecuado uso de la voz y prevenci\u00f3n de la voz:<\/span><\/span><\/span><\/div>\n<ul>\n<li class=\"s11\"><span style=\"color: #0a0a0a;\"><span class=\"s8\">Terapias Individuales y\/o colectivas (maestros, conferenciantes y profesionales que necesitan del uso continuo de la voz).<\/span><\/span><\/li>\n<li class=\"s11\">Higiene Vocal.<\/li>\n<\/ul>\n<div class=\"s9\"><\/div>\n<p>[\/et_pb_text][\/et_pb_column][\/et_pb_row][\/et_pb_section][et_pb_section fb_built=\u00bb1&#8243; background_color_gradient_stops_1=\u00bb#2b87da 0%|#c7cbd4 100%\u00bb background_color_gradient_end_1=\u00bb#c7cbd4&#8243; admin_label=\u00bbFeature\u00bb _builder_version=\u00bb4.16&#8243; custom_padding=\u00bb0|0px|0|0px|false|false\u00bb locked=\u00bboff\u00bb global_colors_info=\u00bb{}\u00bb][et_pb_row column_structure=\u00bb1_2,1_2&#8243; use_custom_gutter=\u00bbon\u00bb gutter_width=\u00bb1&#8243; make_equal=\u00bbon\u00bb padding_top_bottom_link_1=\u00bbtrue\u00bb padding_top_bottom_link_2=\u00bbtrue\u00bb module_class=\u00bb et_pb_row_fullwidth\u00bb _builder_version=\u00bb4.16&#8243; background_color=\u00bb#e8ecef\u00bb width=\u00bb100%\u00bb width_tablet=\u00bb100%\u00bb width_phone=\u00bb\u00bb width_last_edited=\u00bbon|desktop\u00bb max_width=\u00bb100%\u00bb max_width_tablet=\u00bb100%\u00bb max_width_phone=\u00bb\u00bb max_width_last_edited=\u00bbon|desktop\u00bb custom_padding=\u00bb0px|0px|0px|0px\u00bb make_fullwidth=\u00bbon\u00bb global_colors_info=\u00bb{}\u00bb][et_pb_column type=\u00bb1_2&#8243; _builder_version=\u00bb4.16&#8243; background_image=\u00bbhttps:\/\/nuriamayola.digitales.site\/wp-content\/uploads\/2021\/11\/nene-hablando-NM.jpg\u00bb custom_padding=\u00bb120px|80px|120px|10%\u00bb custom_padding_tablet=\u00bb|10%||10%||true\u00bb custom_padding_phone=\u00bb\u00bb custom_padding_last_edited=\u00bbon|tablet\u00bb global_colors_info=\u00bb{}\u00bb padding_tablet=\u00bb|10%||10%||true\u00bb padding_last_edited=\u00bbon|tablet\u00bb custom_padding__hover=\u00bb|||\u00bb padding_phone=\u00bb|10%||10%||true\u00bb][et_pb_image src=\u00bbhttps:\/\/quizzical-solomon.151-236-35-77.plesk.page\/wp-content\/uploads\/2023\/07\/tumbado.webp\u00bb title_text=\u00bbtumbado\u00bb _builder_version=\u00bb4.21.0&#8243; _module_preset=\u00bbdefault\u00bb global_colors_info=\u00bb{}\u00bb][\/et_pb_image][\/et_pb_column][et_pb_column type=\u00bb1_2&#8243; _builder_version=\u00bb4.16&#8243; background_color_gradient_direction=\u00bb90deg\u00bb custom_padding=\u00bb120px|10%|120px|80px\u00bb custom_padding_tablet=\u00bb|10%||10%||true\u00bb custom_padding_phone=\u00bb\u00bb custom_padding_last_edited=\u00bbon|tablet\u00bb global_colors_info=\u00bb{}\u00bb padding_tablet=\u00bb|10%||10%||true\u00bb padding_last_edited=\u00bbon|tablet\u00bb custom_padding__hover=\u00bb|||\u00bb padding_phone=\u00bb|10%||10%||true\u00bb][et_pb_text admin_label=\u00bbTitle\u00bb _builder_version=\u00bb4.16&#8243; text_font=\u00bbRubik|500|||||||\u00bb text_font_size=\u00bb16px\u00bb text_line_height=\u00bb2em\u00bb quote_font=\u00bb||||||||\u00bb header_font=\u00bb||||||||\u00bb header_2_font=\u00bbRubik|700|||||||\u00bb header_2_font_size=\u00bb40px\u00bb header_2_line_height=\u00bb1.4em\u00bb header_5_font=\u00bbRubik|700||on|||||\u00bb header_5_text_color=\u00bb#2b76df\u00bb header_5_letter_spacing=\u00bb5px\u00bb header_5_line_height=\u00bb1.2em\u00bb max_width=\u00bb600px\u00bb max_width_tablet=\u00bb\u00bb max_width_phone=\u00bb\u00bb max_width_last_edited=\u00bbon|phone\u00bb custom_margin=\u00bb||30px|\u00bb custom_margin_tablet=\u00bb|70px||70px\u00bb custom_margin_phone=\u00bb|50px||50px\u00bb custom_margin_last_edited=\u00bboff|desktop\u00bb custom_padding=\u00bb|||\u00bb text_line_height_last_edited=\u00bboff|desktop\u00bb header_2_font_size_tablet=\u00bb\u00bb header_2_font_size_phone=\u00bb30px\u00bb header_2_font_size_last_edited=\u00bbon|phone\u00bb locked=\u00bboff\u00bb inline_fonts=\u00bbSacramento\u00bb global_colors_info=\u00bb{}\u00bb]<\/p>\n<h2><span style=\"color: #e62850;\">tratamiento para la patolog\u00eda vocal:<\/span><\/h2>\n<p>[\/et_pb_text][et_pb_tabs active_tab_background_color=\u00bb#e62850&#8243; inactive_tab_background_color=\u00bb#e62850&#8243; _builder_version=\u00bb4.21.0&#8243; tab_text_color=\u00bb#ffffff\u00bb body_font=\u00bbRubik||||||||\u00bb body_line_height=\u00bb2em\u00bb tab_font=\u00bbRubik|700|||||||\u00bb tab_font_size=\u00bb14px\u00bb tab_line_height=\u00bb2em\u00bb max_width_last_edited=\u00bboff|desktop\u00bb module_alignment=\u00bbright\u00bb custom_margin=\u00bb|||\u00bb custom_margin_last_edited=\u00bboff|desktop\u00bb custom_padding=\u00bb|||\u00bb animation_style=\u00bbzoom\u00bb animation_intensity_zoom=\u00bb10%\u00bb hover_enabled=\u00bb0&#8243; border_radii=\u00bbon|10px|10px|10px|10px\u00bb border_width_all=\u00bb0px\u00bb border_color_all=\u00bb#ffffff\u00bb locked=\u00bboff\u00bb global_colors_info=\u00bb{}\u00bb sticky_enabled=\u00bb0&#8243;][et_pb_tab title=\u00bbESTRUCTURAS\u00bb _builder_version=\u00bb4.16&#8243; global_colors_info=\u00bb{}\u00bb]<\/p>\n<p><b>ESTRUCTURAS<\/b> <span style=\"font-weight: 400;\">IMPLICADAS EN LA FONACI\u00d3N:<\/span><\/p>\n<ul>\n<li style=\"font-weight: 400;\" aria-level=\"1\">\n<div class=\"s15\"><span class=\"s14\">Postura corporal. Verticalidad<\/span><\/div>\n<\/li>\n<li style=\"font-weight: 400;\" aria-level=\"1\">\n<div class=\"s15\"><span class=\"s14\"><\/span><span style=\"font-size: 14px;\">Respiraci\u00f3n. Ciclo respiratorio b\u00e1sico<\/span><\/div>\n<\/li>\n<li style=\"font-weight: 400;\" aria-level=\"1\">\n<div class=\"s15\"><span style=\"font-size: 14px;\"><\/span><span style=\"font-size: 14px;\">Relajaci\u00f3n<\/span><\/div>\n<\/li>\n<li style=\"font-weight: 400;\" aria-level=\"1\">\n<div class=\"s15\"><span style=\"font-size: 14px;\"><\/span><span style=\"font-size: 14px;\">Impuesto\/Resonancia<\/span><\/div>\n<\/li>\n<li style=\"font-weight: 400;\" aria-level=\"1\">\n<div class=\"s15\"><span style=\"font-size: 14px;\"><\/span><span style=\"font-size: 14px;\">Articulaci\u00f3n\/ Vocalizaci\u00f3n\/ Dicci\u00f3n<\/span><\/div>\n<\/li>\n<\/ul>\n<p>[\/et_pb_tab][et_pb_tab title=\u00bbTRATAMIENTOS\u00bb _builder_version=\u00bb4.21.0&#8243; hover_enabled=\u00bb0&#8243; global_colors_info=\u00bb{}\u00bb sticky_enabled=\u00bb0&#8243; body_text_color=\u00bb#000000&#8243;]<\/p>\n<p><span style=\"text-decoration: underline;\">TRATAMIENTO DE LAS PATOLOG\u00cdAS VOCALES:<\/span><\/p>\n<ul>\n<li>Afon\u00eda: Ausencia de voz.<\/li>\n<li>Disfon\u00eda: Disfunci\u00f3n de la voz.<\/li>\n<\/ul>\n<p><span style=\"text-decoration: underline;\">TRATAMIENTO DE LAS DISFON\u00cdAS ESPECIALES<\/span><\/p>\n<ul>\n<li>\n<div class=\"s11\"><span style=\"color: #0a0a0a;\"><span class=\"s8\">Infantiles.<\/span><\/span><\/div>\n<\/li>\n<li><span style=\"color: #0a0a0a;\"><span class=\"s8\">Del adolescente. Muda de voz.<\/span><\/span><\/li>\n<li><span style=\"color: #0a0a0a;\"><span class=\"s8\">Psic\u00f3genas.<\/span><\/span><\/li>\n<li><span style=\"color: #0a0a0a;\"><span class=\"s8\">Prebisfon\u00eda.<\/span><\/span><\/li>\n<\/ul>\n<p><strong>TRATAMIENTO PRE Y POST QUIR\u00daRGICO DE LAS CUERDAS VOCALES<\/strong><\/p>\n<p><strong><span style=\"text-decoration: underline;\">TRATAMIENTO DE LAS DISFON\u00cdAS ORG\u00c1NICAS<\/span> :<\/strong><\/p>\n<ul>\n<li style=\"font-weight: 400;\" aria-level=\"2\"><span style=\"font-weight: 400;\">N\u00f3dulos<\/span><\/li>\n<li style=\"font-weight: 400;\" aria-level=\"2\"><span style=\"font-weight: 400;\">Quistes<\/span><\/li>\n<li style=\"font-weight: 400;\" aria-level=\"2\"><span style=\"font-weight: 400;\">P\u00f3lipos<\/span><\/li>\n<li style=\"font-weight: 400;\" aria-level=\"2\"><span style=\"font-weight: 400;\">Edema de Reinke<\/span><\/li>\n<li style=\"font-weight: 400;\" aria-level=\"2\"><span style=\"font-weight: 400;\">\u00abVerjeturas\u00bb<\/span><\/li>\n<li style=\"font-weight: 400;\" aria-level=\"2\"><span style=\"font-weight: 400;\">Par\u00e1lisis recurrente uni y\/o bilateral de las cuerdas vocales<\/span><\/li>\n<li style=\"font-weight: 400;\" aria-level=\"2\"><span style=\"font-weight: 400;\">Neoplasias de las cuerdas vocales<\/span><\/li>\n<li style=\"font-weight: 400;\" aria-level=\"2\"><span style=\"font-weight: 400;\">Otras disfunciones relacionadas con la laringe<\/span><\/li>\n<\/ul>\n<p>[\/et_pb_tab][\/et_pb_tabs][\/et_pb_column][\/et_pb_row][\/et_pb_section]<\/p>\n","protected":false},"excerpt":{"rendered":"<p>La voz es el sonido que emite en los seres humanos al hablar, gritar y cantar . La voz es una capacidad diferencial humana que implica en su totalidad estructuras f\u00edsicas y ps\u00edquicas . _ Debemos utilizar las t\u00e9cnicas vocales adecuadas para no da\u00f1ar nuestra voz, porque podemos aprender a tratarla correctamente . tratamiento para [&hellip;]<\/p>\n","protected":false},"author":2,"featured_media":0,"parent":0,"menu_order":0,"comment_status":"closed","ping_status":"closed","template":"","meta":{"_et_pb_use_builder":"on","_et_pb_old_content":"","_et_gb_content_width":"","footnotes":""},"class_list":["post-1254","page","type-page","status-publish","hentry"],"_links":{"self":[{"href":"https:\/\/nuriamayola.com\/es\/wp-json\/wp\/v2\/pages\/1254","targetHints":{"allow":["GET"]}}],"collection":[{"href":"https:\/\/nuriamayola.com\/es\/wp-json\/wp\/v2\/pages"}],"about":[{"href":"https:\/\/nuriamayola.com\/es\/wp-json\/wp\/v2\/types\/page"}],"author":[{"embeddable":true,"href":"https:\/\/nuriamayola.com\/es\/wp-json\/wp\/v2\/users\/2"}],"replies":[{"embeddable":true,"href":"https:\/\/nuriamayola.com\/es\/wp-json\/wp\/v2\/comments?post=1254"}],"version-history":[{"count":2,"href":"https:\/\/nuriamayola.com\/es\/wp-json\/wp\/v2\/pages\/1254\/revisions"}],"predecessor-version":[{"id":1257,"href":"https:\/\/nuriamayola.com\/es\/wp-json\/wp\/v2\/pages\/1254\/revisions\/1257"}],"wp:attachment":[{"href":"https:\/\/nuriamayola.com\/es\/wp-json\/wp\/v2\/media?parent=1254"}],"curies":[{"name":"wp","href":"https:\/\/api.w.org\/{rel}","templated":true}]}}