{"id":1240,"date":"2021-10-13T16:13:02","date_gmt":"2021-10-13T15:13:02","guid":{"rendered":"https:\/\/nuriamayola.com\/tecnicas-de-estudio\/"},"modified":"2023-12-13T09:41:14","modified_gmt":"2023-12-13T08:41:14","slug":"tecnicas-de-estudio","status":"publish","type":"page","link":"https:\/\/nuriamayola.com\/es\/tecnicas-de-estudio\/","title":{"rendered":"T\u00e9cnicas de estudio"},"content":{"rendered":"<p>[et_pb_section fb_built=\u00bb1&#8243; fullwidth=\u00bbon\u00bb admin_label=\u00bbHero\u00bb _builder_version=\u00bb4.16&#8243; background_image=\u00bbhttps:\/\/nuriamayola.digitales.site\/wp-content\/uploads\/2021\/10\/hdgdgh.jpg\u00bb parallax=\u00bbon\u00bb top_divider_style=\u00bbclouds2&#8243; top_divider_color=\u00bbrgba(255,255,255,0.3)\u00bb top_divider_height=\u00bb100%\u00bb bottom_divider_height=\u00bb30px\u00bb global_colors_info=\u00bb{}\u00bb][et_pb_fullwidth_header title=\u00bbt\u00e9cnicas de estudio\u00bb text_orientation=\u00bbcenter\u00bb _builder_version=\u00bb4.22.2&#8243; title_font=\u00bbRubik|700|||||||\u00bb title_text_color=\u00bb#e62850&#8243; title_font_size=\u00bb40px\u00bb title_letter_spacing=\u00bb5px\u00bb title_line_height=\u00bb2em\u00bb content_font=\u00bbRubik||||||||\u00bb content_font_size=\u00bb20px\u00bb content_line_height=\u00bb2em\u00bb subhead_font=\u00bbRubik|700|||||||\u00bb subhead_text_color=\u00bb#e62850&#8243; subhead_font_size=\u00bb50px\u00bb subhead_line_height=\u00bb2.1em\u00bb background_color=\u00bbrgba(255,255,255,0)\u00bb use_background_color_gradient=\u00bbon\u00bb background_color_gradient_stops=\u00bbrgba(255,255,255,0.7) 0%|#ffffff 100%\u00bb background_color_gradient_start=\u00bbrgba(255,255,255,0.7)\u00bb background_color_gradient_end=\u00bb#ffffff\u00bb background_size=\u00bbcontain\u00bb background_position=\u00bbbottom_center\u00bb custom_button_one=\u00bbon\u00bb button_one_text_size=\u00bb16px\u00bb button_one_text_color=\u00bb#ffffff\u00bb button_one_bg_color=\u00bb#ff7355&#8243; button_one_border_width=\u00bb15px\u00bb button_one_border_color=\u00bbrgba(210,159,104,0)\u00bb button_one_border_radius=\u00bb100px\u00bb button_one_letter_spacing=\u00bb0px\u00bb button_one_font=\u00bbRubik|700|||||||\u00bb button_one_use_icon=\u00bboff\u00bb custom_button_two=\u00bbon\u00bb button_two_text_size=\u00bb16px\u00bb button_two_text_color=\u00bb#ffffff\u00bb button_two_bg_color=\u00bbrgba(0,0,0,0.6)\u00bb button_two_border_width=\u00bb15px\u00bb button_two_border_color=\u00bbrgba(210,159,104,0)\u00bb button_two_border_radius=\u00bb100px\u00bb button_two_letter_spacing=\u00bb0px\u00bb button_two_font=\u00bbRubik|700|||||||\u00bb button_two_use_icon=\u00bboff\u00bb background_layout=\u00bblight\u00bb custom_margin=\u00bb|||\u00bb custom_padding=\u00bb2vw||4vw|||\u00bb animation_style=\u00bbslide\u00bb animation_direction=\u00bbbottom\u00bb animation_intensity_slide=\u00bb1%\u00bb subhead_font_size_tablet=\u00bb\u00bb subhead_font_size_phone=\u00bb30px\u00bb subhead_font_size_last_edited=\u00bbon|phone\u00bb button_one_border_radius_hover=\u00bb100px\u00bb button_two_border_radius_hover=\u00bb100px\u00bb button_one_bg_color_hover=\u00bb#ff8a70&#8243; button_two_bg_color_hover=\u00bb#ff8a70&#8243; global_colors_info=\u00bb{}\u00bb button_one_text_size__hover_enabled=\u00bboff\u00bb button_two_text_size__hover_enabled=\u00bboff\u00bb button_one_text_color__hover_enabled=\u00bboff\u00bb button_two_text_color__hover_enabled=\u00bboff\u00bb button_one_border_width__hover_enabled=\u00bboff\u00bb button_two_border_width__hover_enabled=\u00bboff\u00bb button_one_border_color__hover_enabled=\u00bboff\u00bb button_two_border_color__hover_enabled=\u00bboff\u00bb button_one_border_radius__hover_enabled=\u00bbon\u00bb button_one_border_radius__hover=\u00bb100px\u00bb button_two_border_radius__hover_enabled=\u00bbon\u00bb button_two_border_radius__hover=\u00bb100px\u00bb button_one_letter_spacing__hover_enabled=\u00bboff\u00bb button_two_letter_spacing__hover_enabled=\u00bboff\u00bb button_one_bg_color__hover_enabled=\u00bbon\u00bb button_one_bg_color__hover=\u00bb#ff8a70&#8243; button_two_bg_color__hover_enabled=\u00bbon\u00bb button_two_bg_color__hover=\u00bb#ff8a70&#8243;]<\/p>\n<p class=\"p1\">A\u00f1o tras a\u00f1o nos encontramos con estudiantes muy desorientados sin saber qu\u00e9 hacer ni c\u00f3mo aprender adecuadamente las materias obligatorias del curso escolar.<\/p>\n<p class=\"s9\"><span style=\"color: #e62850;\"><span class=\"s11\">Los estudiantes necesitan utilizar diversas estrategias para fijar y consolidar los aprendizajes<\/span> <span class=\"s11\">.<\/span><\/span><\/p>\n<p>[\/et_pb_fullwidth_header][\/et_pb_section][et_pb_section fb_built=\u00bb1&#8243; admin_label=\u00bbFeature\u00bb _builder_version=\u00bb4.16&#8243; background_enable_image=\u00bboff\u00bb parallax=\u00bbon\u00bb custom_padding=\u00bb0|0px|0|0px|false|false\u00bb locked=\u00bboff\u00bb global_colors_info=\u00bb{}\u00bb][et_pb_row column_structure=\u00bb1_2,1_2&#8243; use_custom_gutter=\u00bbon\u00bb gutter_width=\u00bb1&#8243; make_equal=\u00bbon\u00bb padding_top_bottom_link_1=\u00bbtrue\u00bb padding_top_bottom_link_2=\u00bbtrue\u00bb module_class=\u00bb et_pb_row_fullwidth\u00bb _builder_version=\u00bb4.21.0&#8243; width=\u00bb100%\u00bb width_tablet=\u00bb100%\u00bb width_phone=\u00bb\u00bb width_last_edited=\u00bbon|desktop\u00bb max_width=\u00bb100%\u00bb max_width_tablet=\u00bb100%\u00bb max_width_phone=\u00bb\u00bb max_width_last_edited=\u00bbon|desktop\u00bb custom_padding=\u00bb0px||0px|\u00bb make_fullwidth=\u00bbon\u00bb global_colors_info=\u00bb{}\u00bb][et_pb_column type=\u00bb1_2&#8243; _builder_version=\u00bb4.21.0&#8243; background_color=\u00bb#f3e4cb\u00bb custom_padding=\u00bb120px|80px|120px|10%\u00bb custom_padding_tablet=\u00bb|10%||10%||true\u00bb custom_padding_phone=\u00bb\u00bb custom_padding_last_edited=\u00bbon|tablet\u00bb global_colors_info=\u00bb{}\u00bb custom_padding__hover=\u00bb|||\u00bb][et_pb_cta title=\u00bbt\u00e9cnicas de estudio\u00bb button_url=\u00bb#top\u00bb _builder_version=\u00bb4.22.2&#8243; header_font=\u00bbRubik|700|||||||\u00bb header_text_color=\u00bb#e62850&#8243; header_font_size=\u00bb40px\u00bb header_line_height=\u00bb1.5em\u00bb body_font=\u00bbRubik|500|||||||\u00bb body_line_height=\u00bb2em\u00bb use_background_color=\u00bboff\u00bb custom_button=\u00bbon\u00bb button_text_size=\u00bb16px\u00bb button_text_color=\u00bb#ffffff\u00bb button_bg_color=\u00bbrgba(255,255,255,0.1)\u00bb button_border_width=\u00bb10px\u00bb button_border_color=\u00bbrgba(65,65,144,0)\u00bb button_border_radius=\u00bb70px\u00bb button_font=\u00bbRubik|700|||||||\u00bb button_use_icon=\u00bboff\u00bb text_orientation=\u00bbleft\u00bb max_width=\u00bb600px\u00bb max_width_last_edited=\u00bboff|desktop\u00bb module_alignment=\u00bbleft\u00bb custom_margin=\u00bb|||\u00bb custom_padding=\u00bb|||\u00bb header_font_size_tablet=\u00bb\u00bb header_font_size_phone=\u00bb30px\u00bb header_font_size_last_edited=\u00bbon|phone\u00bb button_text_color_hover=\u00bb#e00b00&#8243; button_border_radius_hover=\u00bb70px\u00bb button_bg_color_hover=\u00bb#ffffff\u00bb locked=\u00bboff\u00bb global_colors_info=\u00bb{}\u00bb button_text_size__hover_enabled=\u00bboff\u00bb button_one_text_size__hover_enabled=\u00bboff\u00bb button_two_text_size__hover_enabled=\u00bboff\u00bb button_text_color__hover_enabled=\u00bbon\u00bb button_text_color__hover=\u00bb#e00b00&#8243; button_one_text_color__hover_enabled=\u00bboff\u00bb button_two_text_color__hover_enabled=\u00bboff\u00bb button_border_width__hover_enabled=\u00bboff\u00bb button_one_border_width__hover_enabled=\u00bboff\u00bb button_two_border_width__hover_enabled=\u00bboff\u00bb button_border_color__hover_enabled=\u00bboff\u00bb button_one_border_color__hover_enabled=\u00bboff\u00bb button_two_border_color__hover_enabled=\u00bboff\u00bb button_border_radius__hover_enabled=\u00bbon\u00bb button_border_radius__hover=\u00bb70px\u00bb button_one_border_radius__hover_enabled=\u00bboff\u00bb button_two_border_radius__hover_enabled=\u00bboff\u00bb button_letter_spacing__hover_enabled=\u00bboff\u00bb button_one_letter_spacing__hover_enabled=\u00bboff\u00bb button_two_letter_spacing__hover_enabled=\u00bboff\u00bb button_bg_color__hover_enabled=\u00bbon\u00bb button_bg_color__hover=\u00bb#ffffff\u00bb button_one_bg_color__hover_enabled=\u00bboff\u00bb button_two_bg_color__hover_enabled=\u00bboff\u00bb]<\/p>\n<p><span style=\"font-weight: 400; color: #0a0a0a;\">La adquisici\u00f3n de herramientas y estrategias de estudio, entendidas como metodolog\u00edas de estudio o t\u00e9cnicas de estudio, es fundamental para los aprendizajes del estudiante. El desarrollo de estas adquisiciones deber\u00eda generarse desde la escuela, pero la mayor\u00eda de las veces no es as\u00ed. La escuela no se encarga en exceso de ense\u00f1ar a pensar y c\u00f3mo aprender para que el estudiante fije sus conocimientos y sus aprendizajes. <\/span><\/p>\n<p><span style=\"font-weight: 400; color: #0a0a0a;\">Si los estudiantes que no presentan dificultades espec\u00edficas significativas limitantes aprenden a utilizar estas herramientas y estrategias de estudio, tendr\u00e1n la base del aprendizaje asegurado y, en consecuencia, tendr\u00e1n muchas m\u00e1s posibilidades de triunfar en sus resultados acad\u00e9micos.<\/span><\/p>\n<p>[\/et_pb_cta][\/et_pb_column][et_pb_column type=\u00bb1_2&#8243; _builder_version=\u00bb4.21.0&#8243; background_color=\u00bb#f3e4cb\u00bb background_image=\u00bbhttps:\/\/nuriamayola.digitales.site\/wp-content\/uploads\/2021\/11\/adolescente-estudiando-NM.jpg\u00bb custom_padding=\u00bb120px|10%|120px|80px\u00bb custom_padding_tablet=\u00bb|10%||10%||true\u00bb custom_padding_phone=\u00bb\u00bb custom_padding_last_edited=\u00bbon|tablet\u00bb global_colors_info=\u00bb{}\u00bb custom_padding__hover=\u00bb|||\u00bb][et_pb_divider color=\u00bbrgba(0,0,0,0)\u00bb _builder_version=\u00bb4.21.0&#8243; background_image=\u00bbhttps:\/\/quizzical-solomon.151-236-35-77.plesk.page\/wp-content\/uploads\/2023\/07\/nuria.webp\u00bb height=\u00bb200px\u00bb locked=\u00bboff\u00bb global_colors_info=\u00bb{}\u00bb][\/et_pb_divider][\/et_pb_column][\/et_pb_row][\/et_pb_section][et_pb_section fb_built=\u00bb1&#8243; admin_label=\u00bbPrograms\u00bb _builder_version=\u00bb4.16&#8243; background_size=\u00bbinitial\u00bb custom_padding=\u00bb54px|0px|54px|0px|true|false\u00bb global_colors_info=\u00bb{}\u00bb][et_pb_row admin_label=\u00bbTitle Row\u00bb _builder_version=\u00bb4.16&#8243; global_colors_info=\u00bb{}\u00bb][et_pb_column type=\u00bb4_4&#8243; _builder_version=\u00bb4.16&#8243; custom_padding=\u00bb|||\u00bb global_colors_info=\u00bb{}\u00bb custom_padding__hover=\u00bb|||\u00bb][et_pb_text _builder_version=\u00bb4.16&#8243; text_font=\u00bbRubik|500|||||||\u00bb text_font_size=\u00bb16px\u00bb text_line_height=\u00bb2em\u00bb header_font=\u00bb||||||||\u00bb header_2_font=\u00bbRubik|700|||||||\u00bb header_2_font_size=\u00bb40px\u00bb header_2_line_height=\u00bb1.4em\u00bb header_5_font=\u00bbRubik|700||on|||||\u00bb header_5_text_color=\u00bb#2b76df\u00bb header_5_letter_spacing=\u00bb5px\u00bb header_5_line_height=\u00bb1.5em\u00bb text_orientation=\u00bbcenter\u00bb max_width=\u00bb700px\u00bb module_alignment=\u00bbcenter\u00bb custom_margin=\u00bb|||\u00bb custom_margin_tablet=\u00bb0px|||\u00bb custom_margin_last_edited=\u00bboff|desktop\u00bb text_line_height_last_edited=\u00bboff|desktop\u00bb header_2_font_size_tablet=\u00bb\u00bb header_2_font_size_phone=\u00bb30px\u00bb header_2_font_size_last_edited=\u00bbon|phone\u00bb global_colors_info=\u00bb{}\u00bb]<\/p>\n<h2><span style=\"color: #e62850;\">Programa de las t\u00e9cnicas de estudio:<\/span><\/h2>\n<p>[\/et_pb_text][\/et_pb_column][\/et_pb_row][et_pb_row column_structure=\u00bb1_2,1_2&#8243; admin_label=\u00bbDepartments Row\u00bb _builder_version=\u00bb4.21.0&#8243; custom_margin=\u00bb|||\u00bb custom_padding=\u00bb|||\u00bb global_colors_info=\u00bb{}\u00bb][et_pb_column type=\u00bb1_2&#8243; _builder_version=\u00bb4.21.0&#8243; custom_padding=\u00bb|||\u00bb global_colors_info=\u00bb{}\u00bb custom_padding__hover=\u00bb|||\u00bb][et_pb_blurb title=\u00bb1\u00aa Parte. CONDICIONES PERSONALES F\u00cdSICAS, PS\u00cdQUICAS Y AMBIENTALES:\u00bb use_icon=\u00bbon\u00bb font_icon=\u00bb&#x79;||divi||400&#8243; icon_color=\u00bb#e62850&#8243; icon_placement=\u00bbleft\u00bb _builder_version=\u00bb4.21.0&#8243; header_font=\u00bbRubik|500|||||||\u00bb header_font_size=\u00bb20px\u00bb header_line_height=\u00bb1.7em\u00bb body_font=\u00bbRubik||||||||\u00bb body_line_height=\u00bb2em\u00bb custom_margin=\u00bb|||\u00bb custom_padding=\u00bb30px|30px|30px|30px|true|true\u00bb animation_style=\u00bbzoom\u00bb animation_intensity_zoom=\u00bb10%\u00bb animation=\u00bboff\u00bb border_radii=\u00bbon|5px|5px|5px|5px\u00bb border_color_all=\u00bb#e62850&#8243; border_width_top=\u00bb10px\u00bb border_color_top=\u00bb#ff7355&#8243; box_shadow_style=\u00bbpreset1&#8243; box_shadow_vertical=\u00bb20px\u00bb box_shadow_blur=\u00bb45px\u00bb box_shadow_spread=\u00bb-5px\u00bb box_shadow_color=\u00bbrgba(0,0,0,0.07)\u00bb global_colors_info=\u00bb{}\u00bb]<\/p>\n<p><strong><span style=\"color: #e62850;\">Organizaci\u00f3n Personal:  <\/span><\/strong><\/p>\n<ul>\n<li class=\"li1\"><span class=\"s1\"><\/span>Condiciones personales<\/li>\n<li class=\"li1\"><span class=\"s1\"><\/span>Lugar de estudio<\/li>\n<li class=\"li1\"><span class=\"s1\"><\/span>Horario personal de estudio<\/li>\n<li class=\"li1\"><span class=\"s1\"><\/span>Orden en el material de estudio<\/li>\n<\/ul>\n<p>[\/et_pb_blurb][et_pb_blurb title=\u00bb3\u00aa Parte. ESTRATEGIAS B\u00c1SICAS PARA EL ESTUDIO:\u00bb use_icon=\u00bbon\u00bb font_icon=\u00bb&#xe09b;||divi||400&#8243; icon_color=\u00bb#e62850&#8243; icon_placement=\u00bbleft\u00bb _builder_version=\u00bb4.21.0&#8243; header_font=\u00bbRubik|500|||||||\u00bb header_font_size=\u00bb20px\u00bb header_line_height=\u00bb1.7em\u00bb body_font=\u00bbRubik||||||||\u00bb body_line_height=\u00bb2em\u00bb custom_margin=\u00bb|||\u00bb custom_padding=\u00bb30px|30px|30px|30px|true|true\u00bb animation_style=\u00bbzoom\u00bb animation_intensity_zoom=\u00bb10%\u00bb animation=\u00bboff\u00bb border_radii=\u00bbon|5px|5px|5px|5px\u00bb border_width_top=\u00bb10px\u00bb border_color_top=\u00bb#ff7355&#8243; box_shadow_style=\u00bbpreset1&#8243; box_shadow_vertical=\u00bb20px\u00bb box_shadow_blur=\u00bb45px\u00bb box_shadow_spread=\u00bb-5px\u00bb box_shadow_color=\u00bbrgba(0,0,0,0.07)\u00bb global_colors_info=\u00bb{}\u00bb]<\/p>\n<p><span style=\"color: #e62850;\"><strong>Herramientas y estrategias fundamentales para un buen estudio:<\/strong><\/span><\/p>\n<ul>\n<li class=\"li1\"><span class=\"s1\"><\/span>Prelectura<\/li>\n<li class=\"li1\"><span class=\"s1\"><\/span>Lectura comprensiva y\/o anal\u00edtica<\/li>\n<li class=\"li1\"><span class=\"s1\"><\/span>Subrayado<\/li>\n<li class=\"li1\"><span class=\"s1\"><\/span>Notas marginales<\/li>\n<li class=\"li1\"><span class=\"s1\"><\/span>Acotaciones marginales<\/li>\n<li class=\"li1\"><span class=\"s1\"><\/span>Resumen<\/li>\n<li class=\"li1\"><span class=\"s1\"><\/span>Esquema y tipos de esquemas<\/li>\n<li class=\"li1\"><span class=\"s1\"><\/span>Mapa conceptual<\/li>\n<li class=\"li1\"><span class=\"s1\"><\/span>Mapa mental<\/li>\n<li class=\"li1\"><span class=\"s1\"><\/span>Cuadro sin\u00f3ptico<\/li>\n<li class=\"li1\"><span class=\"s1\"><\/span>Otros gr\u00e1ficos\u2026<\/li>\n<\/ul>\n<p>[\/et_pb_blurb][et_pb_blurb title=\u00bb4\u00aa Parte. T\u00c9CNICAS FACILITADORAS PARA EL ESTUDIO:\u00bb use_icon=\u00bbon\u00bb font_icon=\u00bb&#xe007;||divi||400&#8243; icon_color=\u00bb#e62850&#8243; icon_placement=\u00bbleft\u00bb _builder_version=\u00bb4.21.0&#8243; header_font=\u00bbRubik|500|||||||\u00bb header_font_size=\u00bb20px\u00bb header_line_height=\u00bb1.7em\u00bb body_font=\u00bbRubik||||||||\u00bb body_line_height=\u00bb2em\u00bb custom_margin=\u00bb|||\u00bb custom_padding=\u00bb30px|30px|30px|30px|true|true\u00bb animation_style=\u00bbzoom\u00bb animation_intensity_zoom=\u00bb10%\u00bb animation=\u00bboff\u00bb border_radii=\u00bbon|5px|5px|5px|5px\u00bb border_width_top=\u00bb10px\u00bb border_color_top=\u00bb#ff7355&#8243; box_shadow_style=\u00bbpreset1&#8243; box_shadow_vertical=\u00bb20px\u00bb box_shadow_blur=\u00bb45px\u00bb box_shadow_spread=\u00bb-5px\u00bb box_shadow_color=\u00bbrgba(0,0,0,0.07)\u00bb global_colors_info=\u00bb{}\u00bb]<\/p>\n<p><span style=\"color: #e62850;\"><strong>T\u00e9cnicas Mnem\u00f3nicas:<\/strong><\/span><\/p>\n<ul>\n<li class=\"li1\"><span class=\"s1\"><\/span>T\u00e9cnicas Mnem\u00f3nicas<\/li>\n<li class=\"li1\"><span class=\"s1\"><\/span>T\u00e9cnica de Visualizaci\u00f3n<\/li>\n<li class=\"li1\"><span class=\"s1\"><\/span>T\u00e9cnica de Parejas de Im\u00e1genes<\/li>\n<li class=\"li1\"><span class=\"s1\"><\/span>T\u00e9cnica de encadenamiento<\/li>\n<li class=\"li1\"><span class=\"s1\"><\/span>T\u00e9cnica de Historieta<\/li>\n<li class=\"li1\"><span class=\"s1\"><\/span>T\u00e9cnica de Topolog\u00eda<\/li>\n<li class=\"li1\"><span class=\"s1\"><\/span>T\u00e9cnica de Acr\u00f3sticos<\/li>\n<li class=\"li1\"><span class=\"s1\"><\/span>T\u00e9cnica Num\u00e9rica<\/li>\n<li class=\"li1\"><span class=\"s1\"><\/span>T\u00e9cnica Simb\u00f3lica<\/li>\n<\/ul>\n<p>[\/et_pb_blurb][et_pb_blurb title=\u00bb5a. Parte. \u00c1MBITO DEL INTELECTO:\u00bb use_icon=\u00bbon\u00bb font_icon=\u00bb&#xe104;||divi||400&#8243; icon_color=\u00bb#e62850&#8243; icon_placement=\u00bbleft\u00bb _builder_version=\u00bb4.21.0&#8243; header_font=\u00bbRubik|500|||||||\u00bb header_font_size=\u00bb20px\u00bb header_line_height=\u00bb1.7em\u00bb body_font=\u00bbRubik||||||||\u00bb body_line_height=\u00bb2em\u00bb custom_margin=\u00bb|||\u00bb custom_padding=\u00bb30px|30px|30px|30px|true|true\u00bb animation_style=\u00bbzoom\u00bb animation_intensity_zoom=\u00bb10%\u00bb animation=\u00bboff\u00bb border_radii=\u00bbon|5px|5px|5px|5px\u00bb border_width_top=\u00bb10px\u00bb border_color_top=\u00bb#ff7355&#8243; box_shadow_style=\u00bbpreset1&#8243; box_shadow_vertical=\u00bb20px\u00bb box_shadow_blur=\u00bb45px\u00bb box_shadow_spread=\u00bb-5px\u00bb box_shadow_color=\u00bbrgba(0,0,0,0.07)\u00bb global_colors_info=\u00bb{}\u00bb]<\/p>\n<p><span style=\"color: #e62850;\"><strong>  Inteligencias m\u00faltiples:<\/strong><\/span><\/p>\n<ul>\n<li style=\"font-weight: 400;\" aria-level=\"1\"><span style=\"font-weight: 400;\">Inteligencia Verbal<\/span><\/li>\n<li style=\"font-weight: 400;\" aria-level=\"1\"><span style=\"font-weight: 400;\">Inteligencia Musical<\/span><\/li>\n<li style=\"font-weight: 400;\" aria-level=\"1\"><span style=\"font-weight: 400;\">Inteligencia Espacial<\/span><\/li>\n<li style=\"font-weight: 400;\" aria-level=\"1\"><span style=\"font-weight: 400;\">Inteligencia Naturalista<\/span><\/li>\n<li style=\"font-weight: 400;\" aria-level=\"1\"><span style=\"font-weight: 400;\">Inteligencia Interpersonal<\/span><\/li>\n<li style=\"font-weight: 400;\" aria-level=\"1\"><span style=\"font-weight: 400;\">Inteligencia Intrapersonal<\/span><\/li>\n<li style=\"font-weight: 400;\" aria-level=\"1\"><span style=\"font-weight: 400;\">Inteligencia L\u00f3gica-Matem\u00e1tica<\/span><\/li>\n<li style=\"font-weight: 400;\" aria-level=\"1\"><span style=\"font-weight: 400;\">Inteligencia Corporal-Cinestesia<\/span><span class=\"s1\"><\/span><br \/><span style=\"font-weight: 400;\"><\/span><\/li>\n<\/ul>\n<p><span style=\"color: #e62850;\"><strong>Proceso din\u00e1mico del intelecto:<\/strong><\/span><\/p>\n<p class=\"p1\">Aspectos que el estudiante debe trabajar para potenciar todas sus habilidades y desarrollar y hacer crecer su inteligencia.<\/p>\n<p>[\/et_pb_blurb][\/et_pb_column][et_pb_column type=\u00bb1_2&#8243; _builder_version=\u00bb4.16&#8243; custom_padding=\u00bb|||\u00bb global_colors_info=\u00bb{}\u00bb custom_padding__hover=\u00bb|||\u00bb][et_pb_blurb title=\u00bb2\u00aa Parte. PROCESOS Y FUNCIONES COGNITIVAS NEUROPSICOL\u00d3GICAS:\u00bb use_icon=\u00bbon\u00bb font_icon=\u00bb&#xe104;||divi||400&#8243; icon_color=\u00bb#e62850&#8243; icon_placement=\u00bbleft\u00bb _builder_version=\u00bb4.22.2&#8243; header_font=\u00bbRubik|500|||||||\u00bb header_font_size=\u00bb20px\u00bb header_line_height=\u00bb1.7em\u00bb body_font=\u00bbRubik||||||||\u00bb body_line_height=\u00bb2em\u00bb custom_margin=\u00bb|||\u00bb custom_padding=\u00bb30px|30px|30px|30px|true|true\u00bb animation_style=\u00bbzoom\u00bb animation_intensity_zoom=\u00bb10%\u00bb animation=\u00bboff\u00bb border_radii=\u00bbon|5px|5px|5px|5px\u00bb border_width_top=\u00bb10px\u00bb border_color_top=\u00bb#ff7355&#8243; box_shadow_style=\u00bbpreset1&#8243; box_shadow_vertical=\u00bb20px\u00bb box_shadow_blur=\u00bb45px\u00bb box_shadow_spread=\u00bb-5px\u00bb box_shadow_color=\u00bbrgba(0,0,0,0.07)\u00bb global_colors_info=\u00bb{}\u00bb]<\/p>\n<p><strong><span style=\"color: #e62850;\">Funciones<\/span> <span style=\"color: #e62850;\">Cognitivas b\u00e1sicas:<\/span><\/strong><\/p>\n<ul>\n<li><span style=\"font-size: 14px;\">Sensaci\u00f3n<\/span><\/li>\n<li style=\"font-weight: 400;\" aria-level=\"1\"><span style=\"font-weight: 400;\">Percepci\u00f3n<\/span><\/li>\n<li style=\"font-weight: 400;\" aria-level=\"1\"><span style=\"font-weight: 400;\">Atenci\u00f3n<\/span><\/li>\n<li style=\"font-weight: 400;\" aria-level=\"1\"><span style=\"font-weight: 400;\">Memoria<\/span><\/li>\n<\/ul>\n<p><span style=\"color: #e62850;\"><strong>Funciones Cognitivas superiores:<\/strong><\/span><\/p>\n<ul>\n<li><span style=\"font-weight: 400;\">Pensamiento<\/span><\/li>\n<li>Funciones ejecutivas<\/li>\n<li class=\"p1\">Aprendizaje<\/li>\n<li class=\"p1\">Lenguaje<\/li>\n<li class=\"p1\">Fluidez y Prosodia<\/li>\n<li class=\"p1\">Creatividad<\/li>\n<li class=\"p1\">Motivaci\u00f3n<\/li>\n<li class=\"p1\">Habilidades Viso Perceptivas<\/li>\n<li class=\"p1\">Habilidades Viso Constructivas<\/li>\n<li class=\"p1\">Velocidad de Procesamiento<\/li>\n<li class=\"p1\">Razonamiento<\/li>\n<li class=\"p1\">Orientaci\u00f3n Espacial y Temporal<\/li>\n<li class=\"p1\">Organizaci\u00f3n del acto motriz<\/li>\n<li class=\"p1\">Procesos emocionales Conductuales<\/li>\n<li class=\"p1\">Habilidades de lectura, escritura y c\u00e1lculo.<\/li>\n<ul><\/ul>\n<\/ul>\n<ul><\/ul>\n<p>[\/et_pb_blurb][et_pb_blurb title=\u00bbFUNCIONES COGNITIVAS NEUROPSICOL\u00d3GICAS Y SU RELACI\u00d3N CON APRENDIZAJES.\u00bb use_icon=\u00bbon\u00bb font_icon=\u00bb&#xe09b;||divi||400&#8243; icon_color=\u00bb#ff7355&#8243; icon_placement=\u00bbleft\u00bb disabled_on=\u00bbon|on|on\u00bb _builder_version=\u00bb4.21.0&#8243; header_font=\u00bbRubik|500|||||||\u00bb header_font_size=\u00bb20px\u00bb header_line_height=\u00bb1.7em\u00bb body_font=\u00bbRubik||||||||\u00bb body_line_height=\u00bb1em\u00bb custom_margin=\u00bb|||\u00bb custom_padding=\u00bb30px|30px|30px|30px|true|true\u00bb animation_style=\u00bbzoom\u00bb animation_intensity_zoom=\u00bb10%\u00bb animation=\u00bboff\u00bb border_radii=\u00bbon|5px|5px|5px|5px\u00bb border_width_top=\u00bb10px\u00bb border_color_top=\u00bb#ff7355&#8243; box_shadow_style=\u00bbpreset1&#8243; box_shadow_vertical=\u00bb20px\u00bb box_shadow_blur=\u00bb45px\u00bb box_shadow_spread=\u00bb-5px\u00bb box_shadow_color=\u00bbrgba(0,0,0,0.07)\u00bb disabled=\u00bbon\u00bb global_colors_info=\u00bb{}\u00bb]<\/p>\n<p>FUNCIONES EJECUTIVAS:<\/p>\n<ul>\n<li><strong>ACTUALIZACI\u00d3N<\/strong> :<\/li>\n<li>Inteligencia fluida.<\/li>\n<li>Memoria de trabajo.<\/li>\n<li>Lenguaje expresivo.<\/li>\n<li>Abstracci\u00f3n.<\/li>\n<li>Razonamiento<\/li>\n<\/ul>\n<p><strong>INHIBICI\u00d3N<\/strong> :<\/p>\n<ul>\n<li>Resistencia a la interferencia.<\/li>\n<li>Atenci\u00f3n sostenida.<\/li>\n<li>Inhibici\u00f3n motora.<\/li>\n<\/ul>\n<p><strong>FLEXIBILIDAD MENTAL<\/strong> :<\/p>\n<ul>\n<li>Atenci\u00f3n sostenida.<\/li>\n<li>Atenci\u00f3n selectiva.<\/li>\n<li>Memoria prospectiva.<\/li>\n<\/ul>\n<p><strong>PLANIFICACI\u00d3N<\/strong> :<\/p>\n<ul>\n<li>Planificaci\u00f3n<\/li>\n<li>Anticipaci\u00f3n.<\/li>\n<li>Previsi\u00f3n.<\/li>\n<li>Memoria prospectiva.<\/li>\n<li>Memoria contextual.<\/li>\n<li>Memoria temporal.<\/li>\n<\/ul>\n<p><strong>TOMA DE DECISIONES<\/strong> :<\/p>\n<ul>\n<li>Conciencia temporal.<\/li>\n<li>Control de los impulsos.<\/li>\n<li>Autorregulaci\u00f3n.<\/li>\n<li>Capacidad para inhibir.<\/li>\n<\/ul>\n<p>[\/et_pb_blurb][\/et_pb_column][\/et_pb_row][\/et_pb_section]<\/p>\n","protected":false},"excerpt":{"rendered":"<p>A\u00f1o tras a\u00f1o nos encontramos con estudiantes muy desorientados sin saber qu\u00e9 hacer ni c\u00f3mo aprender adecuadamente las materias obligatorias del curso escolar. Los estudiantes necesitan utilizar diversas estrategias para fijar y consolidar los aprendizajes .La adquisici\u00f3n de herramientas y estrategias de estudio, entendidas como metodolog\u00edas de estudio o t\u00e9cnicas de estudio, es fundamental para [&hellip;]<\/p>\n","protected":false},"author":2,"featured_media":0,"parent":0,"menu_order":0,"comment_status":"closed","ping_status":"closed","template":"","meta":{"_et_pb_use_builder":"on","_et_pb_old_content":"","_et_gb_content_width":"","footnotes":""},"class_list":["post-1240","page","type-page","status-publish","hentry"],"_links":{"self":[{"href":"https:\/\/nuriamayola.com\/es\/wp-json\/wp\/v2\/pages\/1240","targetHints":{"allow":["GET"]}}],"collection":[{"href":"https:\/\/nuriamayola.com\/es\/wp-json\/wp\/v2\/pages"}],"about":[{"href":"https:\/\/nuriamayola.com\/es\/wp-json\/wp\/v2\/types\/page"}],"author":[{"embeddable":true,"href":"https:\/\/nuriamayola.com\/es\/wp-json\/wp\/v2\/users\/2"}],"replies":[{"embeddable":true,"href":"https:\/\/nuriamayola.com\/es\/wp-json\/wp\/v2\/comments?post=1240"}],"version-history":[{"count":13,"href":"https:\/\/nuriamayola.com\/es\/wp-json\/wp\/v2\/pages\/1240\/revisions"}],"predecessor-version":[{"id":1388,"href":"https:\/\/nuriamayola.com\/es\/wp-json\/wp\/v2\/pages\/1240\/revisions\/1388"}],"wp:attachment":[{"href":"https:\/\/nuriamayola.com\/es\/wp-json\/wp\/v2\/media?parent=1240"}],"curies":[{"name":"wp","href":"https:\/\/api.w.org\/{rel}","templated":true}]}}