{"id":1225,"date":"2021-10-13T15:53:53","date_gmt":"2021-10-13T14:53:53","guid":{"rendered":"https:\/\/nuriamayola.com\/intervencion-psicopedagogica\/"},"modified":"2023-12-13T13:54:19","modified_gmt":"2023-12-13T12:54:19","slug":"intervencion-psicopedagogica","status":"publish","type":"page","link":"https:\/\/nuriamayola.com\/es\/intervencion-psicopedagogica\/","title":{"rendered":"Intervenci\u00f3n Psicopedag\u00f3gica"},"content":{"rendered":"<p>[et_pb_section fb_built=\u00bb1&#8243; fullwidth=\u00bbon\u00bb admin_label=\u00bbHero\u00bb _builder_version=\u00bb4.16&#8243; background_image=\u00bbhttps:\/\/nuriamayola.digitales.site\/wp-content\/uploads\/2021\/10\/hdgdgh.jpg\u00bb parallax=\u00bbon\u00bb top_divider_style=\u00bbclouds2&#8243; top_divider_color=\u00bbrgba(255,255,255,0.3)\u00bb top_divider_height=\u00bb100%\u00bb bottom_divider_height=\u00bb30px\u00bb global_colors_info=\u00bb{}\u00bb][et_pb_fullwidth_header title=\u00bbintervenci\u00f3n psicopedag\u00f3gica\u00bb text_orientation=\u00bbcenter\u00bb _builder_version=\u00bb4.22.2&#8243; title_font=\u00bbRubik|700|||||||\u00bb title_text_color=\u00bb#e62850&#8243; title_font_size=\u00bb40px\u00bb title_letter_spacing=\u00bb5px\u00bb title_line_height=\u00bb2em\u00bb content_font=\u00bbRubik||||||||\u00bb content_font_size=\u00bb20px\u00bb content_line_height=\u00bb2em\u00bb subhead_font=\u00bbRubik|700|||||||\u00bb subhead_text_color=\u00bb#e62850&#8243; subhead_font_size=\u00bb50px\u00bb subhead_line_height=\u00bb2.1em\u00bb background_color=\u00bbrgba(255,255,255,0)\u00bb use_background_color_gradient=\u00bbon\u00bb background_color_gradient_stops=\u00bbrgba(255,255,255,0.7) 0%|#ffffff 100%\u00bb background_color_gradient_start=\u00bbrgba(255,255,255,0.7)\u00bb background_color_gradient_end=\u00bb#ffffff\u00bb background_size=\u00bbcontain\u00bb background_position=\u00bbbottom_center\u00bb custom_button_one=\u00bbon\u00bb button_one_text_size=\u00bb16px\u00bb button_one_text_color=\u00bb#ffffff\u00bb button_one_bg_color=\u00bb#ff7355&#8243; button_one_border_width=\u00bb15px\u00bb button_one_border_color=\u00bbrgba(210,159,104,0)\u00bb button_one_border_radius=\u00bb100px\u00bb button_one_letter_spacing=\u00bb0px\u00bb button_one_font=\u00bbRubik|700|||||||\u00bb button_one_use_icon=\u00bboff\u00bb custom_button_two=\u00bbon\u00bb button_two_text_size=\u00bb16px\u00bb button_two_text_color=\u00bb#ffffff\u00bb button_two_bg_color=\u00bbrgba(0,0,0,0.6)\u00bb button_two_border_width=\u00bb15px\u00bb button_two_border_color=\u00bbrgba(210,159,104,0)\u00bb button_two_border_radius=\u00bb100px\u00bb button_two_letter_spacing=\u00bb0px\u00bb button_two_font=\u00bbRubik|700|||||||\u00bb button_two_use_icon=\u00bboff\u00bb background_layout=\u00bblight\u00bb custom_margin=\u00bb|||\u00bb custom_padding=\u00bb8vw||4vw|\u00bb animation_style=\u00bbslide\u00bb animation_direction=\u00bbbottom\u00bb animation_intensity_slide=\u00bb1%\u00bb subhead_font_size_tablet=\u00bb\u00bb subhead_font_size_phone=\u00bb30px\u00bb subhead_font_size_last_edited=\u00bbon|phone\u00bb button_one_border_radius_hover=\u00bb100px\u00bb button_two_border_radius_hover=\u00bb100px\u00bb button_one_bg_color_hover=\u00bb#ff8a70&#8243; button_two_bg_color_hover=\u00bb#ff8a70&#8243; global_colors_info=\u00bb{}\u00bb button_one_text_size__hover_enabled=\u00bboff\u00bb button_two_text_size__hover_enabled=\u00bboff\u00bb button_one_text_color__hover_enabled=\u00bboff\u00bb button_two_text_color__hover_enabled=\u00bboff\u00bb button_one_border_width__hover_enabled=\u00bboff\u00bb button_two_border_width__hover_enabled=\u00bboff\u00bb button_one_border_color__hover_enabled=\u00bboff\u00bb button_two_border_color__hover_enabled=\u00bboff\u00bb button_one_border_radius__hover_enabled=\u00bbon\u00bb button_one_border_radius__hover=\u00bb100px\u00bb button_two_border_radius__hover_enabled=\u00bbon\u00bb button_two_border_radius__hover=\u00bb100px\u00bb button_one_letter_spacing__hover_enabled=\u00bboff\u00bb button_two_letter_spacing__hover_enabled=\u00bboff\u00bb button_one_bg_color__hover_enabled=\u00bbon\u00bb button_one_bg_color__hover=\u00bb#ff8a70&#8243; button_two_bg_color__hover_enabled=\u00bbon\u00bb button_two_bg_color__hover=\u00bb#ff8a70&#8243;]<\/p>\n<p>La intervenci\u00f3n psicopedag\u00f3gica puede implicar diferentes vertientes en funci\u00f3n de los objetivos a conseguir:<\/p>\n<p>[\/et_pb_fullwidth_header][\/et_pb_section][et_pb_section fb_built=\u00bb1&#8243; admin_label=\u00bbFeature\u00bb _builder_version=\u00bb4.16&#8243; background_enable_image=\u00bboff\u00bb custom_padding=\u00bb0|0px|0|0px|false|false\u00bb global_colors_info=\u00bb{}\u00bb][et_pb_row column_structure=\u00bb1_2,1_2&#8243; use_custom_gutter=\u00bbon\u00bb gutter_width=\u00bb1&#8243; make_equal=\u00bbon\u00bb padding_top_bottom_link_1=\u00bbtrue\u00bb padding_top_bottom_link_2=\u00bbtrue\u00bb module_class=\u00bb et_pb_row_fullwidth\u00bb _builder_version=\u00bb4.21.0&#8243; width=\u00bb100%\u00bb width_tablet=\u00bb100%\u00bb width_phone=\u00bb\u00bb width_last_edited=\u00bbon|desktop\u00bb max_width=\u00bb100%\u00bb max_width_tablet=\u00bb100%\u00bb max_width_phone=\u00bb\u00bb max_width_last_edited=\u00bbon|desktop\u00bb custom_padding=\u00bb0px||0px|\u00bb make_fullwidth=\u00bbon\u00bb global_colors_info=\u00bb{}\u00bb][et_pb_column type=\u00bb1_2&#8243; _builder_version=\u00bb4.21.0&#8243; background_color=\u00bb#f3e4cc\u00bb custom_padding=\u00bb120px|80px|120px|10%\u00bb custom_padding_tablet=\u00bb|10%||10%||true\u00bb custom_padding_phone=\u00bb\u00bb custom_padding_last_edited=\u00bbon|tablet\u00bb global_colors_info=\u00bb{}\u00bb custom_padding__hover=\u00bb|||\u00bb][et_pb_cta title=\u00bbsoporte pedag\u00f3gico:\u00bb button_url=\u00bb#top\u00bb _builder_version=\u00bb4.21.0&#8243; header_font=\u00bbRubik|700|||||||\u00bb header_text_color=\u00bb#e62850&#8243; header_font_size=\u00bb40px\u00bb header_line_height=\u00bb1.5em\u00bb body_font=\u00bbRubik|500|||||||\u00bb body_line_height=\u00bb2em\u00bb use_background_color=\u00bboff\u00bb custom_button=\u00bbon\u00bb button_text_size=\u00bb16px\u00bb button_text_color=\u00bb#ffffff\u00bb button_bg_color=\u00bbrgba(255,255,255,0.1)\u00bb button_border_width=\u00bb10px\u00bb button_border_color=\u00bbrgba(65,65,144,0)\u00bb button_border_radius=\u00bb70px\u00bb button_font=\u00bbRubik|700|||||||\u00bb button_use_icon=\u00bboff\u00bb text_orientation=\u00bbleft\u00bb max_width=\u00bb600px\u00bb max_width_last_edited=\u00bboff|desktop\u00bb module_alignment=\u00bbleft\u00bb custom_margin=\u00bb|||\u00bb custom_padding=\u00bb|||\u00bb header_font_size_tablet=\u00bb\u00bb header_font_size_phone=\u00bb30px\u00bb header_font_size_last_edited=\u00bbon|phone\u00bb button_text_color_hover=\u00bb#e00b00&#8243; button_border_radius_hover=\u00bb70px\u00bb button_bg_color_hover=\u00bb#ffffff\u00bb locked=\u00bboff\u00bb global_colors_info=\u00bb{}\u00bb button_text_size__hover_enabled=\u00bboff\u00bb button_one_text_size__hover_enabled=\u00bboff\u00bb button_two_text_size__hover_enabled=\u00bboff\u00bb button_text_color__hover_enabled=\u00bbon\u00bb button_text_color__hover=\u00bb#e00b00&#8243; button_one_text_color__hover_enabled=\u00bboff\u00bb button_two_text_color__hover_enabled=\u00bboff\u00bb button_border_width__hover_enabled=\u00bboff\u00bb button_one_border_width__hover_enabled=\u00bboff\u00bb button_two_border_width__hover_enabled=\u00bboff\u00bb button_border_color__hover_enabled=\u00bboff\u00bb button_one_border_color__hover_enabled=\u00bboff\u00bb button_two_border_color__hover_enabled=\u00bboff\u00bb button_border_radius__hover_enabled=\u00bbon\u00bb button_border_radius__hover=\u00bb70px\u00bb button_one_border_radius__hover_enabled=\u00bboff\u00bb button_two_border_radius__hover_enabled=\u00bboff\u00bb button_letter_spacing__hover_enabled=\u00bboff\u00bb button_one_letter_spacing__hover_enabled=\u00bboff\u00bb button_two_letter_spacing__hover_enabled=\u00bboff\u00bb button_bg_color__hover_enabled=\u00bbon\u00bb button_bg_color__hover=\u00bb#ffffff\u00bb button_one_bg_color__hover_enabled=\u00bboff\u00bb button_two_bg_color__hover_enabled=\u00bboff\u00bb]<\/p>\n<p class=\"s12\">\n<p><span style=\"color: #000000;\"><i>Ense\u00f1ar a pensar y c\u00f3mo aprender es la clave de la educaci\u00f3n<\/i> . Los estudiantes deben aprender a utilizar diversas estrategias de estudio para fijar y alcanzar sus aprendizajes.<\/span><\/p>\n<p><span style=\"color: #000000;\">Pero no siempre el sistema educativo lo tiene en cuenta.<\/span><\/p>\n<p><span style=\"color: #000000;\">La intervenci\u00f3n psicopedag\u00f3gica, entendida como apoyo escolar, es el refuerzo de los conocimientos generales de las materias que se da a los estudiantes para que vayan adquiriendo cada vez mayor seguridad a la hora de trabajar las tareas escolares. As\u00ed pues, el objetivo primordial del apoyo escolar es reforzar los contenidos curriculares del curso en cuesti\u00f3n en las materias que presentan mayores dificultades para los estudiantes. De esta forma, pueden mejorar mucho los resultados acad\u00e9micos.<\/span><\/p>\n<p><span class=\"s8\"><span><\/span><\/span><\/p>\n<p>[\/et_pb_cta][\/et_pb_column][et_pb_column type=\u00bb1_2&#8243; _builder_version=\u00bb4.21.0&#8243; background_color=\u00bb#f3e4cc\u00bb background_image=\u00bbhttps:\/\/nuriamayola.digitales.site\/wp-content\/uploads\/2021\/10\/hopscotch.jpg\u00bb custom_padding=\u00bb120px|10%|120px|80px\u00bb custom_padding_tablet=\u00bb|10%||10%||true\u00bb custom_padding_phone=\u00bb\u00bb custom_padding_last_edited=\u00bbon|tablet\u00bb global_colors_info=\u00bb{}\u00bb custom_padding__hover=\u00bb|||\u00bb][et_pb_image src=\u00bbhttps:\/\/quizzical-solomon.151-236-35-77.plesk.page\/wp-content\/uploads\/2023\/05\/image1.png\u00bb title_text=\u00bbimage1&#8243; _builder_version=\u00bb4.21.0&#8243; _module_preset=\u00bbdefault\u00bb global_colors_info=\u00bb{}\u00bb][\/et_pb_image][\/et_pb_column][\/et_pb_row][\/et_pb_section][et_pb_section fb_built=\u00bb1&#8243; admin_label=\u00bbFeature\u00bb _builder_version=\u00bb4.16&#8243; parallax=\u00bbon\u00bb custom_padding=\u00bb0|0px|0|0px|false|false\u00bb global_colors_info=\u00bb{}\u00bb][et_pb_row column_structure=\u00bb1_2,1_2&#8243; use_custom_gutter=\u00bbon\u00bb gutter_width=\u00bb1&#8243; make_equal=\u00bbon\u00bb padding_top_bottom_link_1=\u00bbtrue\u00bb padding_top_bottom_link_2=\u00bbtrue\u00bb module_class=\u00bb et_pb_row_fullwidth\u00bb _builder_version=\u00bb4.16&#8243; width=\u00bb100%\u00bb width_tablet=\u00bb100%\u00bb width_phone=\u00bb\u00bb width_last_edited=\u00bbon|desktop\u00bb max_width=\u00bb100%\u00bb max_width_tablet=\u00bb100%\u00bb max_width_phone=\u00bb\u00bb max_width_last_edited=\u00bbon|desktop\u00bb custom_padding=\u00bb0px|0px|0px|0px\u00bb make_fullwidth=\u00bbon\u00bb global_colors_info=\u00bb{}\u00bb][et_pb_column type=\u00bb1_2&#8243; _builder_version=\u00bb4.16&#8243; background_color_gradient_direction=\u00bb90deg\u00bb background_image=\u00bbhttps:\/\/nuriamayola.digitales.site\/wp-content\/uploads\/2021\/10\/nuria-mayola-pedagogia-1.jpg\u00bb custom_padding=\u00bb120px|10%|120px|80px\u00bb custom_padding_tablet=\u00bb|10%||10%||true\u00bb custom_padding_phone=\u00bb\u00bb custom_padding_last_edited=\u00bbon|tablet\u00bb global_colors_info=\u00bb{}\u00bb custom_padding__hover=\u00bb|||\u00bb][et_pb_image src=\u00bbhttps:\/\/quizzical-solomon.151-236-35-77.plesk.page\/wp-content\/uploads\/2023\/05\/image1-5.jpeg\u00bb title_text=\u00bbimage1-5&#8243; _builder_version=\u00bb4.21.0&#8243; _module_preset=\u00bbdefault\u00bb global_colors_info=\u00bb{}\u00bb][\/et_pb_image][\/et_pb_column][et_pb_column type=\u00bb1_2&#8243; _builder_version=\u00bb4.16&#8243; background_color=\u00bb#ffffff\u00bb background_color_gradient_direction=\u00bb90deg\u00bb custom_padding=\u00bb120px|80px|120px|10%\u00bb custom_padding_tablet=\u00bb|10%||10%||true\u00bb custom_padding_phone=\u00bb\u00bb custom_padding_last_edited=\u00bbon|tablet\u00bb global_colors_info=\u00bb{}\u00bb custom_padding__hover=\u00bb|||\u00bb][et_pb_cta title=\u00bbreeducaci\u00f3n psicopedag\u00f3gica:\u00bb button_url=\u00bb#top\u00bb _builder_version=\u00bb4.21.0&#8243; header_font=\u00bbRubik|700|||||||\u00bb header_text_color=\u00bb#e52850&#8243; header_font_size=\u00bb40px\u00bb header_line_height=\u00bb1.5em\u00bb body_font=\u00bbRubik|500|||||||\u00bb body_line_height=\u00bb2em\u00bb use_background_color=\u00bboff\u00bb custom_button=\u00bbon\u00bb button_text_size=\u00bb16px\u00bb button_text_color=\u00bb#ffffff\u00bb button_bg_color=\u00bbrgba(0,0,0,0.6)\u00bb button_border_width=\u00bb10px\u00bb button_border_color=\u00bbrgba(65,65,144,0)\u00bb button_border_radius=\u00bb70px\u00bb button_font=\u00bbRubik|700|||||||\u00bb button_use_icon=\u00bboff\u00bb text_orientation=\u00bbleft\u00bb background_layout=\u00bblight\u00bb max_width=\u00bb600px\u00bb max_width_last_edited=\u00bboff|desktop\u00bb custom_margin=\u00bb|||\u00bb custom_padding=\u00bb|||\u00bb header_font_size_tablet=\u00bb\u00bb header_font_size_phone=\u00bb30px\u00bb header_font_size_last_edited=\u00bbon|phone\u00bb button_text_color_hover=\u00bb#c7ccd4&#8243; button_border_radius_hover=\u00bb70px\u00bb button_bg_color_hover=\u00bb#ffffff\u00bb locked=\u00bboff\u00bb global_colors_info=\u00bb{}\u00bb button_text_size__hover_enabled=\u00bboff\u00bb button_one_text_size__hover_enabled=\u00bboff\u00bb button_two_text_size__hover_enabled=\u00bboff\u00bb button_text_color__hover_enabled=\u00bbon\u00bb button_text_color__hover=\u00bb#c7ccd4&#8243; button_one_text_color__hover_enabled=\u00bboff\u00bb button_two_text_color__hover_enabled=\u00bboff\u00bb button_border_width__hover_enabled=\u00bboff\u00bb button_one_border_width__hover_enabled=\u00bboff\u00bb button_two_border_width__hover_enabled=\u00bboff\u00bb button_border_color__hover_enabled=\u00bboff\u00bb button_one_border_color__hover_enabled=\u00bboff\u00bb button_two_border_color__hover_enabled=\u00bboff\u00bb button_border_radius__hover_enabled=\u00bbon\u00bb button_border_radius__hover=\u00bb70px\u00bb button_one_border_radius__hover_enabled=\u00bboff\u00bb button_two_border_radius__hover_enabled=\u00bboff\u00bb button_letter_spacing__hover_enabled=\u00bboff\u00bb button_one_letter_spacing__hover_enabled=\u00bboff\u00bb button_two_letter_spacing__hover_enabled=\u00bboff\u00bb button_bg_color__hover_enabled=\u00bbon\u00bb button_bg_color__hover=\u00bb#ffffff\u00bb button_one_bg_color__hover_enabled=\u00bboff\u00bb button_two_bg_color__hover_enabled=\u00bboff\u00bb]<\/p>\n<p>La reeducaci\u00f3n psicopedag\u00f3gica, entendida como una intervenci\u00f3n educativa espec\u00edfica para los estudiantes que muestran o bien una dificultad concreta en el aprendizaje de una materia o bien un trastorno espec\u00edfico, se encarga de la adecuada utilizaci\u00f3n de estrategias y m\u00e9todos determinados para resolver dificultades o trastornos espec\u00edficos. En la reeducaci\u00f3n psicopedag\u00f3gica se practican ejercicios que estimulan una serie de funciones y habilidades cognitivas fundamentales como: atenci\u00f3n, memoria, percepci\u00f3n, orientaci\u00f3n espacial y temporal, homogeneidad de la lateralidad, funciones ejecutivas, etc. para desarrollar tanto los recursos propios como el aprendizaje de m\u00e9todos y t\u00e9cnicas espec\u00edficas, que ayudar\u00e1n a resolver o mejorar mucho las dificultades del estudiante.<\/p>\n<p>La reeducaci\u00f3n psicopedag\u00f3gica tambi\u00e9n incluye el asesoramiento a padres y la interrelaci\u00f3n peri\u00f3dica con psic\u00f3logos y\/u otros profesionales que tratan al estudiante. Esta interrelaci\u00f3n tambi\u00e9n se llevar\u00e1 a cabo con el tutor u otros profesores de la escuela para revisar conjuntamente el progreso y la evoluci\u00f3n del estudiante.<\/p>\n<p>[\/et_pb_cta][et_pb_divider color=\u00bbrgba(0,0,0,0)\u00bb _builder_version=\u00bb4.20.4&#8243; height=\u00bb200px\u00bb locked=\u00bboff\u00bb global_colors_info=\u00bb{}\u00bb][\/et_pb_divider][\/et_pb_column][\/et_pb_row][\/et_pb_section][et_pb_section fb_built=\u00bb1&#8243; admin_label=\u00bbFeature\u00bb _builder_version=\u00bb4.16&#8243; background_enable_image=\u00bboff\u00bb custom_padding=\u00bb0|0px|0|0px|false|false\u00bb global_colors_info=\u00bb{}\u00bb][et_pb_row column_structure=\u00bb1_2,1_2&#8243; use_custom_gutter=\u00bbon\u00bb gutter_width=\u00bb1&#8243; make_equal=\u00bbon\u00bb padding_top_bottom_link_1=\u00bbtrue\u00bb padding_top_bottom_link_2=\u00bbtrue\u00bb module_class=\u00bb et_pb_row_fullwidth\u00bb _builder_version=\u00bb4.21.0&#8243; width=\u00bb100%\u00bb width_tablet=\u00bb100%\u00bb width_phone=\u00bb\u00bb width_last_edited=\u00bbon|desktop\u00bb max_width=\u00bb100%\u00bb max_width_tablet=\u00bb100%\u00bb max_width_phone=\u00bb\u00bb max_width_last_edited=\u00bbon|desktop\u00bb custom_padding=\u00bb0px||0px|\u00bb make_fullwidth=\u00bbon\u00bb global_colors_info=\u00bb{}\u00bb][et_pb_column type=\u00bb1_2&#8243; _builder_version=\u00bb4.21.0&#8243; background_color=\u00bb#f3e4cc\u00bb custom_padding=\u00bb120px|80px|120px|10%\u00bb custom_padding_tablet=\u00bb|10%||10%||true\u00bb custom_padding_phone=\u00bb\u00bb custom_padding_last_edited=\u00bbon|tablet\u00bb global_colors_info=\u00bb{}\u00bb custom_padding__hover=\u00bb|||\u00bb][et_pb_cta title=\u00bbt\u00e9cnicas de estudio:\u00bb button_url=\u00bb#top\u00bb _builder_version=\u00bb4.21.0&#8243; header_font=\u00bbRubik|700|||||||\u00bb header_text_color=\u00bb#e62850&#8243; header_font_size=\u00bb40px\u00bb header_line_height=\u00bb1.5em\u00bb body_font=\u00bbRubik|500|||||||\u00bb body_line_height=\u00bb2em\u00bb use_background_color=\u00bboff\u00bb custom_button=\u00bbon\u00bb button_text_size=\u00bb16px\u00bb button_text_color=\u00bb#ffffff\u00bb button_bg_color=\u00bbrgba(255,255,255,0.1)\u00bb button_border_width=\u00bb10px\u00bb button_border_color=\u00bbrgba(65,65,144,0)\u00bb button_border_radius=\u00bb70px\u00bb button_font=\u00bbRubik|700|||||||\u00bb button_use_icon=\u00bboff\u00bb text_orientation=\u00bbleft\u00bb max_width=\u00bb600px\u00bb max_width_last_edited=\u00bboff|desktop\u00bb module_alignment=\u00bbleft\u00bb custom_margin=\u00bb|||\u00bb custom_padding=\u00bb|||\u00bb header_font_size_tablet=\u00bb\u00bb header_font_size_phone=\u00bb30px\u00bb header_font_size_last_edited=\u00bbon|phone\u00bb button_text_color_hover=\u00bb#e00b00&#8243; button_border_radius_hover=\u00bb70px\u00bb button_bg_color_hover=\u00bb#ffffff\u00bb locked=\u00bboff\u00bb global_colors_info=\u00bb{}\u00bb button_text_size__hover_enabled=\u00bboff\u00bb button_one_text_size__hover_enabled=\u00bboff\u00bb button_two_text_size__hover_enabled=\u00bboff\u00bb button_text_color__hover_enabled=\u00bbon\u00bb button_text_color__hover=\u00bb#e00b00&#8243; button_one_text_color__hover_enabled=\u00bboff\u00bb button_two_text_color__hover_enabled=\u00bboff\u00bb button_border_width__hover_enabled=\u00bboff\u00bb button_one_border_width__hover_enabled=\u00bboff\u00bb button_two_border_width__hover_enabled=\u00bboff\u00bb button_border_color__hover_enabled=\u00bboff\u00bb button_one_border_color__hover_enabled=\u00bboff\u00bb button_two_border_color__hover_enabled=\u00bboff\u00bb button_border_radius__hover_enabled=\u00bbon\u00bb button_border_radius__hover=\u00bb70px\u00bb button_one_border_radius__hover_enabled=\u00bboff\u00bb button_two_border_radius__hover_enabled=\u00bboff\u00bb button_letter_spacing__hover_enabled=\u00bboff\u00bb button_one_letter_spacing__hover_enabled=\u00bboff\u00bb button_two_letter_spacing__hover_enabled=\u00bboff\u00bb button_bg_color__hover_enabled=\u00bbon\u00bb button_bg_color__hover=\u00bb#ffffff\u00bb button_one_bg_color__hover_enabled=\u00bboff\u00bb button_two_bg_color__hover_enabled=\u00bboff\u00bb]<\/p>\n<p class=\"s7\"><span style=\"color: #000000;\"><span class=\"s6\">\u00c9Ladquisici\u00f3n de herramientas y estrategias de estudio, entendidas como metodolog\u00edas<\/span> <span class=\"s6\">espec\u00edficas<\/span> <span class=\"s6\">o recursos, es fundamental para los aprendizajes del estudiante. El desarrollo de estas adquisiciones deber\u00eda promoverse  <\/span><span class=\"s6\">desde peque\u00f1os a<\/span> <span class=\"s6\">la escuela, pero la mayor\u00eda de las veces no es as\u00ed.<\/span> <span class=\"s6\">El sistema educativo no hace suficiente eco en las escuelas<\/span> <span class=\"s6\">de ense\u00f1ar a pensar ya<\/span> <span class=\"s6\">c\u00f3mo aprender ni tampoco de utilizar<\/span> <span class=\"s6\">herramientas adecuadas<\/span> <span class=\"s6\">para<\/span> <span class=\"s6\">que los<\/span> <span class=\"s6\">estudiantes &#8211; sean ni\u00f1os o adolescentes &#8211;<\/span> <span class=\"s6\">puedan<\/span> <span class=\"s6\">ayudar<\/span><span class=\"s6\"> <\/span><span class=\"s6\">notablemente<\/span> <span class=\"s6\">a fijar los conocimientos y aprendizajes que se trabajan en la escuela.<\/span><\/span><\/p>\n<p class=\"s7\"><span style=\"color: #000000;\"><span class=\"s6\">Nos encontramos, a\u00f1o tras a\u00f1o, con<\/span> <span class=\"s6\">estudiantes<\/span> <span class=\"s6\">bien desorientados y sin saber qu\u00e9 hacer<\/span> <span class=\"s6\">ni<\/span> <span class=\"s6\">c\u00f3mo aprender de forma adecuada las materias<\/span> <span class=\"s6\">curriculares<\/span> <span class=\"s6\">obligatorias<\/span> <span class=\"s6\">.<\/span><\/span><\/p>\n<p class=\"s7\"><span style=\"color: #000000;\"><span class=\"s6\">Si los estudiantes<\/span> <span class=\"s6\">que no presentan<\/span> <span class=\"s6\">trastornos<\/span><span class=\"s6\"> <\/span><span class=\"s6\">espec\u00edficos<\/span> <span class=\"s6\">significativos<\/span> <span class=\"s6\">le aprendieran<\/span> <span class=\"s6\">a<\/span> <span class=\"s6\">utilizar<\/span> estas herramientas y estrategias <span class=\"s6\">de<\/span> <span class=\"s6\">estudio,<\/span> <span class=\"s6\">tendr\u00edan<\/span> <span class=\"s6\">la<\/span> <span class=\"s6\">fijaci\u00f3n<\/span> <span class=\"s6\">del aprendizaje asegurado y, en consecuencia, tendr\u00edan<\/span> <span class=\"s6\">muchas<\/span> <span class=\"s6\">m\u00e1s posibilidades de triunfar en sus resultados acad\u00e9micos.<\/span><\/span><span class=\"s6\"><\/span><\/p>\n<p class=\"s7\"><span class=\"s6\"><br \/><span style=\"color: #e62850;\">Por este motivo he elaborado un dossier llamado \u201caprendiz a fijar el aprendizaje\u201d. Es un tratado de t\u00e9cnicas de estudio que puede ayudar a todos los estudiantes que deseen alcanzar y fijar definitivamente sus conocimientos a lo largo de todo el curso.<\/span><br \/><span style=\"color: #e62850;\">Este dossier se puede empezar a utilizar ya a partir del \u00faltimo ciclo de primaria.<\/span><\/span><\/p>\n<p>[\/et_pb_cta][\/et_pb_column][et_pb_column type=\u00bb1_2&#8243; _builder_version=\u00bb4.21.0&#8243; background_color=\u00bb#f3e4cc\u00bb background_enable_image=\u00bboff\u00bb custom_padding=\u00bb120px|10%|120px|80px\u00bb custom_padding_tablet=\u00bb|10%||10%||true\u00bb custom_padding_phone=\u00bb\u00bb custom_padding_last_edited=\u00bbon|tablet\u00bb global_colors_info=\u00bb{}\u00bb custom_padding__hover=\u00bb|||\u00bb][et_pb_image src=\u00bbhttps:\/\/nuriamayola.com\/wp-content\/uploads\/2023\/08\/nuria.png\u00bb alt=\u00bbt\u00e9cnicas de estudio:<br \/>\n\u00bb title_text=\u00bbt\u00e9cnicas de estudio:\u00bb _builder_version=\u00bb4.21.0&#8243; _module_preset=\u00bbdefault\u00bb global_colors_info=\u00bb{}\u00bb][\/et_pb_image][\/et_pb_column][\/et_pb_row][\/et_pb_section]<\/p>\n","protected":false},"excerpt":{"rendered":"<p>La intervenci\u00f3n psicopedag\u00f3gica puede implicar diferentes vertientes en funci\u00f3n de los objetivos a conseguir: Ense\u00f1ar a pensar y c\u00f3mo aprender es la clave de la educaci\u00f3n . Los estudiantes deben aprender a utilizar diversas estrategias de estudio para fijar y alcanzar sus aprendizajes. Pero no siempre el sistema educativo lo tiene en cuenta. La intervenci\u00f3n [&hellip;]<\/p>\n","protected":false},"author":2,"featured_media":0,"parent":0,"menu_order":0,"comment_status":"closed","ping_status":"closed","template":"","meta":{"_et_pb_use_builder":"on","_et_pb_old_content":"","_et_gb_content_width":"","footnotes":""},"class_list":["post-1225","page","type-page","status-publish","hentry"],"_links":{"self":[{"href":"https:\/\/nuriamayola.com\/es\/wp-json\/wp\/v2\/pages\/1225","targetHints":{"allow":["GET"]}}],"collection":[{"href":"https:\/\/nuriamayola.com\/es\/wp-json\/wp\/v2\/pages"}],"about":[{"href":"https:\/\/nuriamayola.com\/es\/wp-json\/wp\/v2\/types\/page"}],"author":[{"embeddable":true,"href":"https:\/\/nuriamayola.com\/es\/wp-json\/wp\/v2\/users\/2"}],"replies":[{"embeddable":true,"href":"https:\/\/nuriamayola.com\/es\/wp-json\/wp\/v2\/comments?post=1225"}],"version-history":[{"count":8,"href":"https:\/\/nuriamayola.com\/es\/wp-json\/wp\/v2\/pages\/1225\/revisions"}],"predecessor-version":[{"id":1397,"href":"https:\/\/nuriamayola.com\/es\/wp-json\/wp\/v2\/pages\/1225\/revisions\/1397"}],"wp:attachment":[{"href":"https:\/\/nuriamayola.com\/es\/wp-json\/wp\/v2\/media?parent=1225"}],"curies":[{"name":"wp","href":"https:\/\/api.w.org\/{rel}","templated":true}]}}